{"id":2182,"date":"2022-10-11T20:51:23","date_gmt":"2022-10-11T20:51:23","guid":{"rendered":"https:\/\/gintrafa.lt\/?page_id=2182"},"modified":"2026-01-30T09:26:16","modified_gmt":"2026-01-30T07:26:16","slug":"coaches-2","status":"publish","type":"page","link":"https:\/\/gintrafa.lt\/en\/coaches-2\/","title":{"rendered":"Coaches"},"content":{"rendered":"<div class=\"wpb-content-wrapper\"><div class=\"vc_row wpb_row vc_row-fluid\"><div class=\"wpb_column vc_column_container vc_col-sm-6\"><div class=\"vc_column-inner\"><div class=\"wpb_wrapper\"><h2 style=\"text-align: left;font-family:Abril Fatface;font-weight:400;font-style:normal\" class=\"vc_custom_heading\" >Coaches<\/h2><\/div><\/div><\/div><div class=\"wpb_column vc_column_container vc_col-sm-6\"><div class=\"vc_column-inner\"><div class=\"wpb_wrapper\"><h2 style=\"text-align: left;font-family:Abril Fatface;font-weight:400;font-style:normal\" class=\"vc_custom_heading\" >About Coaches<\/h2><\/div><\/div><\/div><\/div><div class=\"vc_row wpb_row vc_row-fluid\"><div class=\"wpb_column vc_column_container vc_col-sm-6\"><div class=\"vc_column-inner\"><div class=\"wpb_wrapper\">\n    \n<div class=\"player-photo  wpb_animate_when_almost_visible wpb_slideInLeft slideInLeft\">\n        <div class=\"number\"><\/div>\n        <img decoding=\"async\" class=\"img-responsive\" src=\"https:\/\/gintrafa.lt\/wp-content\/uploads\/2025\/08\/ruben.png\" alt=\"player\">\n<\/div><\/div><\/div><\/div><div class=\"wpb_column vc_column_container vc_col-sm-6\"><div class=\"vc_column-inner\"><div class=\"wpb_wrapper\">\n\t<div class=\"wpb_text_column wpb_content_element\" >\n\t\t<div class=\"wpb_wrapper\">\n\t\t\t<div class=\"content-wrapper\" style=\"text-align: left;\">\n<div class=\"gdlr-content\">\n<div class=\"main-content-container container gdlr-item-start-content\">\n<div class=\"gdlr-item gdlr-main-content\">\n<h5><strong>Ruben Perez Cudero (technical director - coach)<\/strong><\/h5>\n<p data-start=\"126\" data-end=\"156\">\u2013 Born in Madrid, Spain<br \/>\n&#8211; <span class=\"OYPEnA font-feature-liga-off font-feature-clig-off font-feature-calt-off text-decoration-none text-strikethrough-none\">Obtained S<\/span><span class=\"OYPEnA font-feature-liga-off font-feature-clig-off font-feature-calt-off text-decoration-none text-strikethrough-none\">pains PRO coaching license<br \/>\n<\/span>&#8211; <span class=\"OYPEnA font-feature-liga-off font-feature-clig-off font-feature-calt-off text-decoration-none text-strikethrough-none\">Completed his higher education studies in Spain and obtained <\/span><span class=\"OYPEnA font-feature-liga-off font-feature-clig-off font-feature-calt-off text-decoration-none text-strikethrough-none\">football coach education;<\/span><br \/>\n\u2013 An ambitious, proactive and self-disciplined coach;<br \/>\n\u2013 Possesses excellent communication, leadership and personnel management skills;<br \/>\n\u2013 Has solid tactical and strategic football knowledge;<br \/>\n\u2013 Has gained experience working as both a head coach and assistant coach in professional youth academies;<br \/>\n\u2013 Values \u200b\u200bteamwork and always prioritizes the common goal over personal ego;<br \/>\n\u2013 2014 A \u2013 head coach, 2016 A \u2013 assistant.<\/p>\n<p><em><strong>Contacts: <\/strong>+34 654209426 (WhatsApp)<strong>,<\/strong>\u00a0el. p.: rperezcudero@gmail.com<\/em><\/p>\n<\/div>\n<\/div>\n<\/div>\n<\/div>\n\n\t\t<\/div>\n\t<\/div>\n<\/div><\/div><\/div><\/div><div class=\"vc_row wpb_row vc_row-fluid\"><div class=\"wpb_column vc_column_container vc_col-sm-6\"><div class=\"vc_column-inner\"><div class=\"wpb_wrapper\"><\/div><\/div><\/div><div class=\"wpb_column vc_column_container vc_col-sm-6\"><div class=\"vc_column-inner\"><div class=\"wpb_wrapper\"><\/div><\/div><\/div><\/div><div class=\"vc_row wpb_row vc_row-fluid\"><div class=\"wpb_column vc_column_container vc_col-sm-6\"><div class=\"vc_column-inner\"><div class=\"wpb_wrapper\">\n    \n<div class=\"player-photo  wpb_animate_when_almost_visible wpb_slideInLeft slideInLeft\">\n        <div class=\"number\"><\/div>\n        <img decoding=\"async\" class=\"img-responsive\" src=\"https:\/\/gintrafa.lt\/wp-content\/uploads\/2025\/01\/henrikas-profile.png\" alt=\"player\">\n<\/div><\/div><\/div><\/div><div class=\"wpb_column vc_column_container vc_col-sm-6\"><div class=\"vc_column-inner\"><div class=\"wpb_wrapper\">\n\t<div class=\"wpb_text_column wpb_content_element\" >\n\t\t<div class=\"wpb_wrapper\">\n\t\t\t<h5><strong>Henrikas Kubulkis (coach)<\/strong><\/h5>\n<p><em>-Born and raised in \u0160iauliai;<br \/>\n-2014 U-15 National Football Academy player;<br \/>\n<\/em>-Former member of the Lithuanian youth national team;<br \/>\n<em>-Graduated from \u0160iauliai Sports Gymnasium;<\/em><br \/>\n<em>-In 2019, he played for the FA \u201c\u0160iauliai\u201d men's team;<\/em><br \/>\n<em>-In 2023, he completed his bachelor's studies at the \u0160iauliai Academy of Vilnius University;<br \/>\n-From 2015 to 2022, he worked as a referee in different leagues \u2013 the men's First and Second Leagues, the LFF Cup, the Lithuanian Student Football Championship, and the Women's A and First Leagues.<br \/>\n&#8211; 2014 m. A &#8211; asistentas, 2016 m. A &#8211; vyr. treneris. 2020 m. &#8211; vyr. treneris;<br \/>\n<\/em><em><strong>Contacts:<\/strong> tel. +370 646 10828; el.p.: henrikas.kubulkis@gmail.com<\/em><\/p>\n\n\t\t<\/div>\n\t<\/div>\n<\/div><\/div><\/div><\/div><div class=\"vc_row wpb_row vc_row-fluid\"><div class=\"wpb_column vc_column_container vc_col-sm-6\"><div class=\"vc_column-inner\"><div class=\"wpb_wrapper\">\n    \n<div class=\"player-photo  wpb_animate_when_almost_visible wpb_slideInLeft slideInLeft\">\n        <div class=\"number\"><\/div>\n        <img decoding=\"async\" class=\"img-responsive\" src=\"https:\/\/gintrafa.lt\/wp-content\/uploads\/2024\/08\/juozas-profile.png\" alt=\"player\">\n<\/div><\/div><\/div><\/div><div class=\"wpb_column vc_column_container vc_col-sm-6\"><div class=\"vc_column-inner\"><div class=\"wpb_wrapper\">\n\t<div class=\"wpb_text_column wpb_content_element\" >\n\t\t<div class=\"wpb_wrapper\">\n\t\t\t<h5><strong>Juozas Radavi\u010dius (coach)<\/strong><\/h5>\n<p><em>-Born and raised in \u0160iauliai;<br \/>\n\u2013 Studying at the Lithuanian Sports University;<\/em><br \/>\n<em>\u2013 Member of the men's team of FA \"\u0160iauliai\";<\/em><br \/>\n<em>\u2013 Member of the Lithuanian youth national teams;<br \/>\n\u2013 2017 A \u2013 assistant, individual mastery coach<strong><br \/>\nContacts: <\/strong>tel. +370 67020230 el. p.: info@gintrafa.lt, <\/em><\/p>\n\n\t\t<\/div>\n\t<\/div>\n<\/div><\/div><\/div><\/div><div class=\"vc_row wpb_row vc_row-fluid\"><div class=\"wpb_column vc_column_container vc_col-sm-6\"><div class=\"vc_column-inner\"><div class=\"wpb_wrapper\">\n    \n<div class=\"player-photo  wpb_animate_when_almost_visible wpb_slideInLeft slideInLeft\">\n        <div class=\"number\"><\/div>\n        <img decoding=\"async\" class=\"img-responsive\" src=\"https:\/\/gintrafa.lt\/wp-content\/uploads\/2024\/08\/T.-Romanovskaja.png\" alt=\"player\">\n<\/div><\/div><\/div><\/div><div class=\"wpb_column vc_column_container vc_col-sm-6\"><div class=\"vc_column-inner\"><div class=\"wpb_wrapper\">\n\t<div class=\"wpb_text_column wpb_content_element\" >\n\t\t<div class=\"wpb_wrapper\">\n\t\t\t<h5><strong>Tereza Romanovskaja (coach)<\/strong><\/h5>\n<p><em>-Originally from Panev\u0117\u017eys;<br \/>\n\u2013 Graduated from the \u0160iauliai Academy of Vilnius University and obtained a bachelor's degree in sports pedagogy and physical education;<\/em><br \/>\n<em>\u2013 Represents the \u0160iauliai \u201cGintra\u201d team;<br \/>\n\u2013 Member of the Lithuanian national women's team;<br \/>\n\u2013 Lithuanian Women's A League, Baltic League champion, UEFA Women's Champions League participant.<br \/>\n\u2013 2018 A \u2013 assistant, 2019 \u2013 head coach.<br \/>\n<\/em><em><strong>Contacts:<\/strong> tel. +370 673 04664, el. p.: tereza.romanovskaja17@gmail.com<\/em><\/p>\n\n\t\t<\/div>\n\t<\/div>\n<\/div><\/div><\/div><\/div><div class=\"vc_row wpb_row vc_row-fluid\"><div class=\"wpb_column vc_column_container vc_col-sm-6\"><div class=\"vc_column-inner\"><div class=\"wpb_wrapper\">\n    \n<div class=\"player-photo  wpb_animate_when_almost_visible wpb_slideInLeft slideInLeft\">\n        <div class=\"number\"><\/div>\n        <img decoding=\"async\" class=\"img-responsive\" src=\"https:\/\/gintrafa.lt\/wp-content\/uploads\/2024\/08\/G.Vasilenko.png\" alt=\"player\">\n<\/div><\/div><\/div><\/div><div class=\"wpb_column vc_column_container vc_col-sm-6\"><div class=\"vc_column-inner\"><div class=\"wpb_wrapper\">\n\t<div class=\"wpb_text_column wpb_content_element\" >\n\t\t<div class=\"wpb_wrapper\">\n\t\t\t<h5><strong>Gabriel\u0117 Vasilenko (coach)<\/strong><\/h5>\n<p><em>-Originally from Vilnius;<br \/>\n\u2013 Studying at the \u0160iauliai Academy of Vilnius University;<\/em><br \/>\n<em>\u2013 Represents the \u0160iauliai \u201cGintra\u201d team;<br \/>\n\u2013 Lithuanian Women's A League champion, UEFA Women's Champions League participant.<br \/>\n\u2013 U-15 girls \u2013 head coach, U-11 girls \u2013 head coach, goalkeeper coach.<br \/>\n<\/em><em><strong>Contacts:<\/strong> tel. +370 604 03044, el. p.: gabrielevasi455@gmail.com<\/em><\/p>\n\n\t\t<\/div>\n\t<\/div>\n<\/div><\/div><\/div><\/div><div class=\"vc_row wpb_row vc_row-fluid\"><div class=\"wpb_column vc_column_container vc_col-sm-6\"><div class=\"vc_column-inner\"><div class=\"wpb_wrapper\">\n    \n<div class=\"player-photo  wpb_animate_when_almost_visible wpb_slideInLeft slideInLeft\">\n        <div class=\"number\"><\/div>\n        <img decoding=\"async\" class=\"img-responsive\" src=\"https:\/\/gintrafa.lt\/wp-content\/uploads\/2025\/08\/mohamed-profile.png\" alt=\"player\">\n<\/div><\/div><\/div><\/div><div class=\"wpb_column vc_column_container vc_col-sm-6\"><div class=\"vc_column-inner\"><div class=\"wpb_wrapper\">\n\t<div class=\"wpb_text_column wpb_content_element\" >\n\t\t<div class=\"wpb_wrapper\">\n\t\t\t<h5><strong>Mohamed Abdel Azeem (coach)<\/strong><\/h5>\n<p><em>\u2013 Experienced football specialist from Egypt;<br \/>\n\u2013 Obtained a PRO football license;<br \/>\n\u2013 Having completed his studies and obtained a football coaching education;<\/em><br \/>\n<em>\u2013 Played football professionally in Egypt for 15 years;<br \/>\n\u2013 Has 12 years of experience working as a coach at the FC Heliopolis football academy.<br \/>\n\u2013 2014 B \u2013 head coach, 2017 A \u2013 head coach, 2018 A \u2013 head coach.<br \/>\n<\/em><em><strong>Contacts: <\/strong>+370 641 64926, info@gintrafa.lt<\/em><\/p>\n\n\t\t<\/div>\n\t<\/div>\n<\/div><\/div><\/div><\/div>\n<\/div>","protected":false},"excerpt":{"rendered":"TreneriaiApie trenerius Ruben Perez Cudero (techninis direktorius-treneris) - Kil\u0119s i\u0161 Madrido, Ispanijos; - \u012egij\u0119s Ispanijos PRO trenerio licencij\u0105; - Baig\u0119s auk\u0161tojo mokslo studijas Ispanijoje bei \u012fgij\u0119s futbolo trenerio i\u0161silavinim\u0105; - Ambicingas, iniciatyvus ir savidisciplin\u0105 puosel\u0117jantis treneris; - Pasi\u017eymi puikiais komunikacijos, lyderyst\u0117s ir personalo valdymo \u012fg\u016bd\u017eiais; - Turi solid\u017eias taktines ir strategines futbolo \u017einias; - Sukaup\u0119s [...]","protected":false},"author":5,"featured_media":0,"parent":0,"menu_order":0,"comment_status":"closed","ping_status":"closed","template":"","meta":{"footnotes":""},"yoast_head":"<!-- This site is optimized with the Yoast SEO plugin v22.1 - https:\/\/yoast.com\/wordpress\/plugins\/seo\/ -->\n<title>Treneriai - Gintra football academy<\/title>\n<meta name=\"robots\" content=\"index, follow, max-snippet:-1, max-image-preview:large, max-video-preview:-1\" \/>\n<link rel=\"canonical\" href=\"https:\/\/gintrafa.lt\/en\/coaches-2\/\" \/>\n<meta property=\"og:locale\" content=\"en_US\" \/>\n<meta property=\"og:type\" content=\"article\" \/>\n<meta property=\"og:title\" content=\"Treneriai - Gintra football academy\" \/>\n<meta property=\"og:url\" content=\"https:\/\/gintrafa.lt\/en\/coaches-2\/\" \/>\n<meta property=\"og:site_name\" content=\"Gintra football academy\" \/>\n<meta property=\"article:modified_time\" content=\"2026-01-30T07:26:16+00:00\" \/>\n<meta name=\"twitter:card\" content=\"summary_large_image\" \/>\n<meta name=\"twitter:label1\" content=\"Est. reading time\" \/>\n\t<meta name=\"twitter:data1\" content=\"3 minutes\" \/>\n<script type=\"application\/ld+json\" class=\"yoast-schema-graph\">{\"@context\":\"https:\/\/schema.org\",\"@graph\":[{\"@type\":\"WebPage\",\"@id\":\"https:\/\/gintrafa.lt\/coaches-2\/\",\"url\":\"https:\/\/gintrafa.lt\/coaches-2\/\",\"name\":\"Treneriai - Gintra football academy\",\"isPartOf\":{\"@id\":\"https:\/\/gintrafa.lt\/#website\"},\"datePublished\":\"2022-10-11T20:51:23+00:00\",\"dateModified\":\"2026-01-30T07:26:16+00:00\",\"breadcrumb\":{\"@id\":\"https:\/\/gintrafa.lt\/coaches-2\/#breadcrumb\"},\"inLanguage\":\"en-US\",\"potentialAction\":[{\"@type\":\"ReadAction\",\"target\":[\"https:\/\/gintrafa.lt\/coaches-2\/\"]}]},{\"@type\":\"BreadcrumbList\",\"@id\":\"https:\/\/gintrafa.lt\/coaches-2\/#breadcrumb\",\"itemListElement\":[{\"@type\":\"ListItem\",\"position\":1,\"name\":\"Home\",\"item\":\"https:\/\/gintrafa.lt\/\"},{\"@type\":\"ListItem\",\"position\":2,\"name\":\"Treneriai\"}]},{\"@type\":\"WebSite\",\"@id\":\"https:\/\/gintrafa.lt\/#website\",\"url\":\"https:\/\/gintrafa.lt\/\",\"name\":\"Gintra football academy\",\"description\":\"Berniuk\u0173 ir mergai\u010di\u0173 futbolo akademija\",\"publisher\":{\"@id\":\"https:\/\/gintrafa.lt\/#organization\"},\"potentialAction\":[{\"@type\":\"SearchAction\",\"target\":{\"@type\":\"EntryPoint\",\"urlTemplate\":\"https:\/\/gintrafa.lt\/?s={search_term_string}\"},\"query-input\":\"required name=search_term_string\"}],\"inLanguage\":\"en-US\"},{\"@type\":\"Organization\",\"@id\":\"https:\/\/gintrafa.lt\/#organization\",\"name\":\"Gintra football academy\",\"url\":\"https:\/\/gintrafa.lt\/\",\"logo\":{\"@type\":\"ImageObject\",\"inLanguage\":\"en-US\",\"@id\":\"https:\/\/gintrafa.lt\/#\/schema\/logo\/image\/\",\"url\":\"https:\/\/gintrafa.lt\/wp-content\/uploads\/2022\/10\/cropped-GINTRA-FA-logo-150x150-1-e1666990383353.png\",\"contentUrl\":\"https:\/\/gintrafa.lt\/wp-content\/uploads\/2022\/10\/cropped-GINTRA-FA-logo-150x150-1-e1666990383353.png\",\"width\":70,\"height\":70,\"caption\":\"Gintra football academy\"},\"image\":{\"@id\":\"https:\/\/gintrafa.lt\/#\/schema\/logo\/image\/\"}}]}<\/script>\n<!-- \/ Yoast SEO plugin. -->","yoast_head_json":{"title":"Treneriai - Gintra football academy","robots":{"index":"index","follow":"follow","max-snippet":"max-snippet:-1","max-image-preview":"max-image-preview:large","max-video-preview":"max-video-preview:-1"},"canonical":"https:\/\/gintrafa.lt\/en\/coaches-2\/","og_locale":"en_US","og_type":"article","og_title":"Treneriai - Gintra football academy","og_url":"https:\/\/gintrafa.lt\/en\/coaches-2\/","og_site_name":"Gintra football academy","article_modified_time":"2026-01-30T07:26:16+00:00","twitter_card":"summary_large_image","twitter_misc":{"Est. reading time":"3 minutes"},"schema":{"@context":"https:\/\/schema.org","@graph":[{"@type":"WebPage","@id":"https:\/\/gintrafa.lt\/coaches-2\/","url":"https:\/\/gintrafa.lt\/coaches-2\/","name":"Treneriai - Gintra football academy","isPartOf":{"@id":"https:\/\/gintrafa.lt\/#website"},"datePublished":"2022-10-11T20:51:23+00:00","dateModified":"2026-01-30T07:26:16+00:00","breadcrumb":{"@id":"https:\/\/gintrafa.lt\/coaches-2\/#breadcrumb"},"inLanguage":"en-US","potentialAction":[{"@type":"ReadAction","target":["https:\/\/gintrafa.lt\/coaches-2\/"]}]},{"@type":"BreadcrumbList","@id":"https:\/\/gintrafa.lt\/coaches-2\/#breadcrumb","itemListElement":[{"@type":"ListItem","position":1,"name":"Home","item":"https:\/\/gintrafa.lt\/"},{"@type":"ListItem","position":2,"name":"Treneriai"}]},{"@type":"WebSite","@id":"https:\/\/gintrafa.lt\/#website","url":"https:\/\/gintrafa.lt\/","name":"Gintra football academy","description":"Berniuk\u0173 ir mergai\u010di\u0173 futbolo akademija","publisher":{"@id":"https:\/\/gintrafa.lt\/#organization"},"potentialAction":[{"@type":"SearchAction","target":{"@type":"EntryPoint","urlTemplate":"https:\/\/gintrafa.lt\/?s={search_term_string}"},"query-input":"required name=search_term_string"}],"inLanguage":"en-US"},{"@type":"Organization","@id":"https:\/\/gintrafa.lt\/#organization","name":"Gintra football academy","url":"https:\/\/gintrafa.lt\/","logo":{"@type":"ImageObject","inLanguage":"en-US","@id":"https:\/\/gintrafa.lt\/#\/schema\/logo\/image\/","url":"https:\/\/gintrafa.lt\/wp-content\/uploads\/2022\/10\/cropped-GINTRA-FA-logo-150x150-1-e1666990383353.png","contentUrl":"https:\/\/gintrafa.lt\/wp-content\/uploads\/2022\/10\/cropped-GINTRA-FA-logo-150x150-1-e1666990383353.png","width":70,"height":70,"caption":"Gintra football academy"},"image":{"@id":"https:\/\/gintrafa.lt\/#\/schema\/logo\/image\/"}}]}},"_links":{"self":[{"href":"https:\/\/gintrafa.lt\/en\/wp-json\/wp\/v2\/pages\/2182"}],"collection":[{"href":"https:\/\/gintrafa.lt\/en\/wp-json\/wp\/v2\/pages"}],"about":[{"href":"https:\/\/gintrafa.lt\/en\/wp-json\/wp\/v2\/types\/page"}],"author":[{"embeddable":true,"href":"https:\/\/gintrafa.lt\/en\/wp-json\/wp\/v2\/users\/5"}],"replies":[{"embeddable":true,"href":"https:\/\/gintrafa.lt\/en\/wp-json\/wp\/v2\/comments?post=2182"}],"version-history":[{"count":67,"href":"https:\/\/gintrafa.lt\/en\/wp-json\/wp\/v2\/pages\/2182\/revisions"}],"predecessor-version":[{"id":3278,"href":"https:\/\/gintrafa.lt\/en\/wp-json\/wp\/v2\/pages\/2182\/revisions\/3278"}],"wp:attachment":[{"href":"https:\/\/gintrafa.lt\/en\/wp-json\/wp\/v2\/media?parent=2182"}],"curies":[{"name":"wp","href":"https:\/\/api.w.org\/{rel}","templated":true}]}}