{"id":2197,"date":"2022-10-11T21:38:11","date_gmt":"2022-10-11T21:38:11","guid":{"rendered":"https:\/\/gintrafa.lt\/?page_id=2197"},"modified":"2026-02-12T14:55:11","modified_gmt":"2026-02-12T12:55:11","slug":"schedule","status":"publish","type":"page","link":"https:\/\/gintrafa.lt\/en\/schedule\/","title":{"rendered":"Trainings"},"content":{"rendered":"<div class=\"wpb-content-wrapper\"><div class=\"vc_row wpb_row vc_row-fluid\"><div class=\"wpb_column vc_column_container vc_col-sm-12\"><div class=\"vc_column-inner\"><div class=\"wpb_wrapper\">\n\t<div class=\"wpb_text_column wpb_content_element\" >\n\t\t<div class=\"wpb_wrapper\">\n\t\t\t<p>We strive to teach our students at Gintra Academy that football is a fun and exciting game, by developing various body movements. During training, we commit to adhering to the values \u200b\u200bestablished in our academy, creating a positive and development-encouraging environment.<\/p>\n<p>We use educational, safe, high-quality and modern equipment. One of them is SmartGoals football goals, which have lights installed to improve the reaction, speed and coordination of football players. Following the example of other famous world club academies, we improve our knowledge, delve into the latest trends, look for new partners, and update training methodologies and technologies that help us improve.<\/p>\n<p>Akademijos aukl\u0117tiniai sportuoja Gytari\u0173 progimnazijos dirbtin\u0117s dangos stadione (Korsako g. 10), \u0160iauli\u0173 valstybin\u0117s kolegijos Sveikatos prie\u017ei\u016bros fakulteto (M. K. \u010ciurlionio g. 16A, \u0160iauliai) sporto baz\u0117je, Rasos progimnazijos sal\u0117je (Tiesos g. 1), Vinco Kudirkos progimnazijoje (Dvaro g. 129).<\/p>\n\n\t\t<\/div>\n\t<\/div>\n<h2 style=\"text-align: left;font-family:Abril Fatface;font-weight:400;font-style:normal\" class=\"vc_custom_heading wpb_animate_when_almost_visible wpb_slideInLeft slideInLeft\" >We invite you to join these age groups!<\/h2>\n\t<div class=\"wpb_text_column wpb_content_element  wpb_animate_when_almost_visible wpb_slideInLeft slideInLeft\" >\n\t\t<div class=\"wpb_wrapper\">\n\t\t\t<ul>\n<li><strong>2014-2015 m. berniukai <\/strong>(treneris Ruben Perez,<br \/>\n<em>+34 654209426, rperezcudero@gmail.com)<\/em><\/li>\n<li><strong>2016 m. berniukai <\/strong>(treneris Henrikas Kubulkis, +370 646 10828; henrikas.kubulkis@gmail.com)<\/li>\n<\/ul>\n<ul>\n<li><strong>2017 boys and girls <\/strong>(treneris Mohamed Azeem, <em>+370 641 64926, info@gintrafa.lt)<\/em><\/li>\n<li><strong>2018 boys and girls <\/strong>(treneris Mohamed Azeem, <em>+370 641 64926, info@gintrafa.lt)<\/em><\/li>\n<li><strong>2019 boys and girls <\/strong>(trener\u0117 Tereza Romanovskaja,<em>\u00a0+370 673 04664, tereza.romanovskaja17@gmail.com)<\/em><\/li>\n<li><strong>2020 boys and girls <\/strong>(treneris Henrikas Kubulkis, +370 646 10828; henrikas.kubulkis@gmail.com)<\/li>\n<li><strong>U-11, U-15 girls' teams<\/strong> (trener\u0117 Gabriel\u0117 Vasilenko, <em>+370 604 03044, gabrielevasi455@gmail.com)<\/em><\/li>\n<\/ul>\n<h4><em>GFA Membership Fee:<\/em><\/h4>\n<p><span class=\"a_GcMg font-feature-liga-off font-feature-clig-off font-feature-calt-off text-decoration-none text-strikethrough-none\">50 Eur \/ monthly  (2014\/15, 2016, 2017)<br \/>\n40 Eur \/ monthly (2018, 2019, 2020)<br \/>\n35 Eur \/ monthly  (all girls)<br \/>\n<\/span><\/p>\n<p><iframe loading=\"lazy\" title=\"Futbolo treniruot\u0117s berniukams ir mergait\u0117ms I Gintros futbolo akademija\" width=\"810\" height=\"456\" src=\"https:\/\/www.youtube.com\/embed\/XT5DYhe_c5Q?feature=oembed\" frameborder=\"0\" allow=\"accelerometer; autoplay; clipboard-write; encrypted-media; gyroscope; picture-in-picture; web-share\" referrerpolicy=\"strict-origin-when-cross-origin\" allowfullscreen><\/iframe><\/p>\n\n\t\t<\/div>\n\t<\/div>\n\n\t<div class=\"wpb_text_column wpb_content_element\" >\n\t\t<div class=\"wpb_wrapper\">\n\t\t\t<ul>\n<li>\n<h4>We invite girls of all ages to join!<\/h4>\n<\/li>\n<\/ul>\n<p><iframe loading=\"lazy\" title=\"From first steps to top level I GFA x FC Gintra\" width=\"810\" height=\"456\" src=\"https:\/\/www.youtube.com\/embed\/8BvxQj2TLIg?feature=oembed\" frameborder=\"0\" allow=\"accelerometer; autoplay; clipboard-write; encrypted-media; gyroscope; picture-in-picture; web-share\" referrerpolicy=\"strict-origin-when-cross-origin\" allowfullscreen><\/iframe><\/p>\n\n\t\t<\/div>\n\t<\/div>\n<\/div><\/div><\/div><div class=\"wpb_column vc_column_container vc_col-sm-4\"><div class=\"vc_column-inner\"><div class=\"wpb_wrapper\"><h2 style=\"text-align: left;font-family:Abril Fatface;font-weight:400;font-style:normal\" class=\"vc_custom_heading\" >Your path begins here!<\/h2>\n\t<div class=\"wpb_text_column wpb_content_element\" >\n\t\t<div class=\"wpb_wrapper\">\n\t\t\t<h4>More information:<\/h4>\n<h5>\ud83d\udcde: +37068733129<\/h5>\n<h5>\ud83d\udce7 : info@gintrafa.lt<\/h5>\n<h4><strong>Training takes place:<\/strong><\/h4>\n<h5>\ud83d\udccd Gytari\u0173 progimnazija (K. Korsako g. 10, \u0160iauliai). Dirbtin\u0117s dangos stadionas<\/h5>\n<h5>\ud83d\udccd Juventos stadionas (\u017dali\u016bki\u0173 g. 76, \u0160iauliai). Nat\u016bralios vejos stadionas<\/h5>\n<h5>\ud83d\udccd \u0160iauli\u0173 kolegijos Sveikatos fakultetas (M. K. \u010ciurlionio g. 16A, \u0160iauliai). Sporto sal\u0117<\/h5>\n<h5><\/h5>\n\n\t\t<\/div>\n\t<\/div>\n<\/div><\/div><\/div><\/div><div class=\"vc_row wpb_row vc_row-fluid\"><div class=\"wpb_column vc_column_container vc_col-sm-6\"><div class=\"vc_column-inner\"><div class=\"wpb_wrapper\">\n\t<div  class=\"wpb_single_image wpb_content_element vc_align_left\">\n\t\t\n\t\t<figure class=\"wpb_wrapper vc_figure\">\n\t\t\t<div class=\"vc_single_image-wrapper   vc_box_border_grey\"><img loading=\"lazy\" decoding=\"async\" width=\"750\" height=\"330\" src=\"https:\/\/gintrafa.lt\/wp-content\/uploads\/2022\/10\/GFA-stadionas-1-750x330-1.jpg\" class=\"vc_single_image-img attachment-large\" alt=\"\" title=\"GFA-stadionas-1-750x330\" srcset=\"https:\/\/gintrafa.lt\/wp-content\/uploads\/2022\/10\/GFA-stadionas-1-750x330-1.jpg 750w, https:\/\/gintrafa.lt\/wp-content\/uploads\/2022\/10\/GFA-stadionas-1-750x330-1-300x132.jpg 300w, https:\/\/gintrafa.lt\/wp-content\/uploads\/2022\/10\/GFA-stadionas-1-750x330-1-600x264.jpg 600w\" sizes=\"(max-width: 750px) 100vw, 750px\" \/><\/div>\n\t\t<\/figure>\n\t<\/div>\n<\/div><\/div><\/div><div class=\"wpb_column vc_column_container vc_col-sm-6\"><div class=\"vc_column-inner\"><div class=\"wpb_wrapper\">\n\t<div  class=\"wpb_single_image wpb_content_element vc_align_left\">\n\t\t\n\t\t<figure class=\"wpb_wrapper vc_figure\">\n\t\t\t<div class=\"vc_single_image-wrapper   vc_box_border_grey\"><img loading=\"lazy\" decoding=\"async\" width=\"750\" height=\"330\" src=\"https:\/\/gintrafa.lt\/wp-content\/uploads\/2022\/10\/1-750x330-1.jpg\" class=\"vc_single_image-img attachment-large\" alt=\"\" title=\"1-750x330\" srcset=\"https:\/\/gintrafa.lt\/wp-content\/uploads\/2022\/10\/1-750x330-1.jpg 750w, https:\/\/gintrafa.lt\/wp-content\/uploads\/2022\/10\/1-750x330-1-300x132.jpg 300w, https:\/\/gintrafa.lt\/wp-content\/uploads\/2022\/10\/1-750x330-1-600x264.jpg 600w\" sizes=\"(max-width: 750px) 100vw, 750px\" \/><\/div>\n\t\t<\/figure>\n\t<\/div>\n<\/div><\/div><\/div><\/div><div class=\"vc_row wpb_row vc_row-fluid\"><div class=\"wpb_column vc_column_container vc_col-sm-6\"><div class=\"vc_column-inner\"><div class=\"wpb_wrapper\">\n\t<div  class=\"wpb_single_image wpb_content_element vc_align_left\">\n\t\t\n\t\t<figure class=\"wpb_wrapper vc_figure\">\n\t\t\t<div class=\"vc_single_image-wrapper   vc_box_border_grey\"><img loading=\"lazy\" decoding=\"async\" width=\"750\" height=\"330\" src=\"https:\/\/gintrafa.lt\/wp-content\/uploads\/2022\/10\/GFA-stadionas-4-750x330-1.jpg\" class=\"vc_single_image-img attachment-large\" alt=\"\" title=\"GFA-stadionas-4-750x330\" srcset=\"https:\/\/gintrafa.lt\/wp-content\/uploads\/2022\/10\/GFA-stadionas-4-750x330-1.jpg 750w, https:\/\/gintrafa.lt\/wp-content\/uploads\/2022\/10\/GFA-stadionas-4-750x330-1-300x132.jpg 300w, https:\/\/gintrafa.lt\/wp-content\/uploads\/2022\/10\/GFA-stadionas-4-750x330-1-600x264.jpg 600w\" sizes=\"(max-width: 750px) 100vw, 750px\" \/><\/div>\n\t\t<\/figure>\n\t<\/div>\n\n\t<div  class=\"wpb_single_image wpb_content_element vc_align_left\">\n\t\t\n\t\t<figure class=\"wpb_wrapper vc_figure\">\n\t\t\t<div class=\"vc_single_image-wrapper   vc_box_border_grey\"><img loading=\"lazy\" decoding=\"async\" width=\"810\" height=\"456\" src=\"https:\/\/gintrafa.lt\/wp-content\/uploads\/2025\/04\/20250417_104122-1024x577.jpg\" class=\"vc_single_image-img attachment-large\" alt=\"\" title=\"20250417_104122\" srcset=\"https:\/\/gintrafa.lt\/wp-content\/uploads\/2025\/04\/20250417_104122-1024x577.jpg 1024w, https:\/\/gintrafa.lt\/wp-content\/uploads\/2025\/04\/20250417_104122-300x169.jpg 300w, https:\/\/gintrafa.lt\/wp-content\/uploads\/2025\/04\/20250417_104122-768x432.jpg 768w, https:\/\/gintrafa.lt\/wp-content\/uploads\/2025\/04\/20250417_104122-1536x865.jpg 1536w, https:\/\/gintrafa.lt\/wp-content\/uploads\/2025\/04\/20250417_104122-2048x1153.jpg 2048w, https:\/\/gintrafa.lt\/wp-content\/uploads\/2025\/04\/20250417_104122-18x10.jpg 18w, https:\/\/gintrafa.lt\/wp-content\/uploads\/2025\/04\/20250417_104122-1920x1081.jpg 1920w, https:\/\/gintrafa.lt\/wp-content\/uploads\/2025\/04\/20250417_104122-600x338.jpg 600w\" sizes=\"(max-width: 810px) 100vw, 810px\" \/><\/div>\n\t\t<\/figure>\n\t<\/div>\n<\/div><\/div><\/div><div class=\"wpb_column vc_column_container vc_col-sm-6\"><div class=\"vc_column-inner\"><div class=\"wpb_wrapper\">\n\t<div  class=\"wpb_single_image wpb_content_element vc_align_left\">\n\t\t\n\t\t<figure class=\"wpb_wrapper vc_figure\">\n\t\t\t<div class=\"vc_single_image-wrapper   vc_box_border_grey\"><img loading=\"lazy\" decoding=\"async\" width=\"750\" height=\"330\" src=\"https:\/\/gintrafa.lt\/wp-content\/uploads\/2022\/10\/IMG_20210924_110925-1-750x330-1.jpg\" class=\"vc_single_image-img attachment-large\" alt=\"\" title=\"IMG_20210924_110925-1-750x330\" srcset=\"https:\/\/gintrafa.lt\/wp-content\/uploads\/2022\/10\/IMG_20210924_110925-1-750x330-1.jpg 750w, https:\/\/gintrafa.lt\/wp-content\/uploads\/2022\/10\/IMG_20210924_110925-1-750x330-1-300x132.jpg 300w, https:\/\/gintrafa.lt\/wp-content\/uploads\/2022\/10\/IMG_20210924_110925-1-750x330-1-600x264.jpg 600w\" sizes=\"(max-width: 750px) 100vw, 750px\" \/><\/div>\n\t\t<\/figure>\n\t<\/div>\n\n\t<div  class=\"wpb_single_image wpb_content_element vc_align_left\">\n\t\t\n\t\t<figure class=\"wpb_wrapper vc_figure\">\n\t\t\t<div class=\"vc_single_image-wrapper   vc_box_border_grey\"><img loading=\"lazy\" decoding=\"async\" width=\"810\" height=\"456\" src=\"https:\/\/gintrafa.lt\/wp-content\/uploads\/2025\/04\/20250417_104933-1024x577.jpg\" class=\"vc_single_image-img attachment-large\" alt=\"\" title=\"20250417_104933\" srcset=\"https:\/\/gintrafa.lt\/wp-content\/uploads\/2025\/04\/20250417_104933-1024x577.jpg 1024w, https:\/\/gintrafa.lt\/wp-content\/uploads\/2025\/04\/20250417_104933-300x169.jpg 300w, https:\/\/gintrafa.lt\/wp-content\/uploads\/2025\/04\/20250417_104933-768x432.jpg 768w, https:\/\/gintrafa.lt\/wp-content\/uploads\/2025\/04\/20250417_104933-1536x865.jpg 1536w, https:\/\/gintrafa.lt\/wp-content\/uploads\/2025\/04\/20250417_104933-2048x1153.jpg 2048w, https:\/\/gintrafa.lt\/wp-content\/uploads\/2025\/04\/20250417_104933-18x10.jpg 18w, https:\/\/gintrafa.lt\/wp-content\/uploads\/2025\/04\/20250417_104933-1920x1081.jpg 1920w, https:\/\/gintrafa.lt\/wp-content\/uploads\/2025\/04\/20250417_104933-600x338.jpg 600w\" sizes=\"(max-width: 810px) 100vw, 810px\" \/><\/div>\n\t\t<\/figure>\n\t<\/div>\n<\/div><\/div><\/div><\/div><div class=\"vc_row wpb_row vc_row-fluid\"><div class=\"wpb_column vc_column_container vc_col-sm-6\"><div class=\"vc_column-inner\"><div class=\"wpb_wrapper\">\n\t<div class=\"wpb_video_widget wpb_content_element vc_clearfix   vc_video-aspect-ratio-169 vc_video-el-width-100 vc_video-align-left\" >\n\t\t<div class=\"wpb_wrapper\">\n\t\t\t\n\t\t\t<div class=\"wpb_video_wrapper\"><iframe loading=\"lazy\" title=\"GFA sezono u\u017edarymo renginys \u2013 pasitinkame atostogas!\" width=\"500\" height=\"281\" src=\"https:\/\/www.youtube.com\/embed\/KW6wuba2-HY?feature=oembed\" frameborder=\"0\" allow=\"accelerometer; autoplay; clipboard-write; encrypted-media; gyroscope; picture-in-picture; web-share\" referrerpolicy=\"strict-origin-when-cross-origin\" allowfullscreen><\/iframe><\/div>\n\t\t<\/div>\n\t<\/div>\n<\/div><\/div><\/div><div class=\"wpb_column vc_column_container vc_col-sm-6\"><div class=\"vc_column-inner\"><div class=\"wpb_wrapper\">\n\t<div class=\"wpb_video_widget wpb_content_element vc_clearfix   vc_video-aspect-ratio-169 vc_video-el-width-100 vc_video-align-left\" >\n\t\t<div class=\"wpb_wrapper\">\n\t\t\t\n\t\t\t<div class=\"wpb_video_wrapper\"><iframe loading=\"lazy\" title=\"Gira Rugil\u0117 \u2013 Gintra FA partneris\" width=\"500\" height=\"281\" src=\"https:\/\/www.youtube.com\/embed\/58wxEAZ033o?feature=oembed\" frameborder=\"0\" allow=\"accelerometer; autoplay; clipboard-write; encrypted-media; gyroscope; picture-in-picture; web-share\" allowfullscreen><\/iframe><\/div>\n\t\t<\/div>\n\t<\/div>\n<\/div><\/div><\/div><\/div>\n<\/div>","protected":false},"excerpt":{"rendered":"Gintros akademijos aukl\u0117tiniams stengiam\u0117s \u012fprasminti, jog futbolas yra smagus ir \u012fdomus \u017eaidimas, lavindami \u012fvairius k\u016bno judesius. Treniruot\u0117se \u012fsipareigojame laikytis savo akademijoje nustatyt\u0173 vertybi\u0173, kurti pozityvi\u0105 ir tobul\u0117ti skatinan\u010di\u0105 aplink\u0105. Naudojame skatinant\u012f pa\u017einti, saug\u0173, kokybi\u0161k\u0105 ir modern\u0173 inventori\u0173. Vienas i\u0161 j\u0173, tai SmartGoals futbolo varteliai, kuriuose \u012fdiegtos \u0161viesel\u0117s gerina futbolinink\u0173 reakcij\u0105, greit\u012f, lavina koordinacij\u0105. Sekdami kit\u0173 [...]","protected":false},"author":5,"featured_media":0,"parent":0,"menu_order":0,"comment_status":"closed","ping_status":"closed","template":"","meta":{"footnotes":""},"yoast_head":"<!-- This site is optimized with the Yoast SEO plugin v22.1 - https:\/\/yoast.com\/wordpress\/plugins\/seo\/ -->\n<title>Treniruot\u0117s - Gintra football academy<\/title>\n<meta name=\"robots\" content=\"index, follow, max-snippet:-1, max-image-preview:large, max-video-preview:-1\" \/>\n<link rel=\"canonical\" href=\"https:\/\/gintrafa.lt\/en\/schedule\/\" \/>\n<meta property=\"og:locale\" content=\"en_US\" \/>\n<meta property=\"og:type\" content=\"article\" \/>\n<meta property=\"og:title\" content=\"Treniruot\u0117s - Gintra football academy\" \/>\n<meta property=\"og:url\" content=\"https:\/\/gintrafa.lt\/en\/schedule\/\" \/>\n<meta property=\"og:site_name\" content=\"Gintra football academy\" \/>\n<meta property=\"article:modified_time\" content=\"2026-02-12T12:55:11+00:00\" \/>\n<meta name=\"twitter:card\" content=\"summary_large_image\" \/>\n<meta name=\"twitter:label1\" content=\"Est. reading time\" \/>\n\t<meta name=\"twitter:data1\" content=\"2 minutes\" \/>\n<script type=\"application\/ld+json\" class=\"yoast-schema-graph\">{\"@context\":\"https:\/\/schema.org\",\"@graph\":[{\"@type\":\"WebPage\",\"@id\":\"https:\/\/gintrafa.lt\/schedule\/\",\"url\":\"https:\/\/gintrafa.lt\/schedule\/\",\"name\":\"Treniruot\u0117s - Gintra football academy\",\"isPartOf\":{\"@id\":\"https:\/\/gintrafa.lt\/#website\"},\"datePublished\":\"2022-10-11T21:38:11+00:00\",\"dateModified\":\"2026-02-12T12:55:11+00:00\",\"breadcrumb\":{\"@id\":\"https:\/\/gintrafa.lt\/schedule\/#breadcrumb\"},\"inLanguage\":\"en-US\",\"potentialAction\":[{\"@type\":\"ReadAction\",\"target\":[\"https:\/\/gintrafa.lt\/schedule\/\"]}]},{\"@type\":\"BreadcrumbList\",\"@id\":\"https:\/\/gintrafa.lt\/schedule\/#breadcrumb\",\"itemListElement\":[{\"@type\":\"ListItem\",\"position\":1,\"name\":\"Home\",\"item\":\"https:\/\/gintrafa.lt\/\"},{\"@type\":\"ListItem\",\"position\":2,\"name\":\"Treniruot\u0117s\"}]},{\"@type\":\"WebSite\",\"@id\":\"https:\/\/gintrafa.lt\/#website\",\"url\":\"https:\/\/gintrafa.lt\/\",\"name\":\"Gintra football academy\",\"description\":\"Berniuk\u0173 ir mergai\u010di\u0173 futbolo akademija\",\"publisher\":{\"@id\":\"https:\/\/gintrafa.lt\/#organization\"},\"potentialAction\":[{\"@type\":\"SearchAction\",\"target\":{\"@type\":\"EntryPoint\",\"urlTemplate\":\"https:\/\/gintrafa.lt\/?s={search_term_string}\"},\"query-input\":\"required name=search_term_string\"}],\"inLanguage\":\"en-US\"},{\"@type\":\"Organization\",\"@id\":\"https:\/\/gintrafa.lt\/#organization\",\"name\":\"Gintra football academy\",\"url\":\"https:\/\/gintrafa.lt\/\",\"logo\":{\"@type\":\"ImageObject\",\"inLanguage\":\"en-US\",\"@id\":\"https:\/\/gintrafa.lt\/#\/schema\/logo\/image\/\",\"url\":\"https:\/\/gintrafa.lt\/wp-content\/uploads\/2022\/10\/cropped-GINTRA-FA-logo-150x150-1-e1666990383353.png\",\"contentUrl\":\"https:\/\/gintrafa.lt\/wp-content\/uploads\/2022\/10\/cropped-GINTRA-FA-logo-150x150-1-e1666990383353.png\",\"width\":70,\"height\":70,\"caption\":\"Gintra football academy\"},\"image\":{\"@id\":\"https:\/\/gintrafa.lt\/#\/schema\/logo\/image\/\"}}]}<\/script>\n<!-- \/ Yoast SEO plugin. -->","yoast_head_json":{"title":"Treniruot\u0117s - Gintra football academy","robots":{"index":"index","follow":"follow","max-snippet":"max-snippet:-1","max-image-preview":"max-image-preview:large","max-video-preview":"max-video-preview:-1"},"canonical":"https:\/\/gintrafa.lt\/en\/schedule\/","og_locale":"en_US","og_type":"article","og_title":"Treniruot\u0117s - Gintra football academy","og_url":"https:\/\/gintrafa.lt\/en\/schedule\/","og_site_name":"Gintra football academy","article_modified_time":"2026-02-12T12:55:11+00:00","twitter_card":"summary_large_image","twitter_misc":{"Est. reading time":"2 minutes"},"schema":{"@context":"https:\/\/schema.org","@graph":[{"@type":"WebPage","@id":"https:\/\/gintrafa.lt\/schedule\/","url":"https:\/\/gintrafa.lt\/schedule\/","name":"Treniruot\u0117s - Gintra football academy","isPartOf":{"@id":"https:\/\/gintrafa.lt\/#website"},"datePublished":"2022-10-11T21:38:11+00:00","dateModified":"2026-02-12T12:55:11+00:00","breadcrumb":{"@id":"https:\/\/gintrafa.lt\/schedule\/#breadcrumb"},"inLanguage":"en-US","potentialAction":[{"@type":"ReadAction","target":["https:\/\/gintrafa.lt\/schedule\/"]}]},{"@type":"BreadcrumbList","@id":"https:\/\/gintrafa.lt\/schedule\/#breadcrumb","itemListElement":[{"@type":"ListItem","position":1,"name":"Home","item":"https:\/\/gintrafa.lt\/"},{"@type":"ListItem","position":2,"name":"Treniruot\u0117s"}]},{"@type":"WebSite","@id":"https:\/\/gintrafa.lt\/#website","url":"https:\/\/gintrafa.lt\/","name":"Gintra football academy","description":"Berniuk\u0173 ir mergai\u010di\u0173 futbolo akademija","publisher":{"@id":"https:\/\/gintrafa.lt\/#organization"},"potentialAction":[{"@type":"SearchAction","target":{"@type":"EntryPoint","urlTemplate":"https:\/\/gintrafa.lt\/?s={search_term_string}"},"query-input":"required name=search_term_string"}],"inLanguage":"en-US"},{"@type":"Organization","@id":"https:\/\/gintrafa.lt\/#organization","name":"Gintra football academy","url":"https:\/\/gintrafa.lt\/","logo":{"@type":"ImageObject","inLanguage":"en-US","@id":"https:\/\/gintrafa.lt\/#\/schema\/logo\/image\/","url":"https:\/\/gintrafa.lt\/wp-content\/uploads\/2022\/10\/cropped-GINTRA-FA-logo-150x150-1-e1666990383353.png","contentUrl":"https:\/\/gintrafa.lt\/wp-content\/uploads\/2022\/10\/cropped-GINTRA-FA-logo-150x150-1-e1666990383353.png","width":70,"height":70,"caption":"Gintra football academy"},"image":{"@id":"https:\/\/gintrafa.lt\/#\/schema\/logo\/image\/"}}]}},"_links":{"self":[{"href":"https:\/\/gintrafa.lt\/en\/wp-json\/wp\/v2\/pages\/2197"}],"collection":[{"href":"https:\/\/gintrafa.lt\/en\/wp-json\/wp\/v2\/pages"}],"about":[{"href":"https:\/\/gintrafa.lt\/en\/wp-json\/wp\/v2\/types\/page"}],"author":[{"embeddable":true,"href":"https:\/\/gintrafa.lt\/en\/wp-json\/wp\/v2\/users\/5"}],"replies":[{"embeddable":true,"href":"https:\/\/gintrafa.lt\/en\/wp-json\/wp\/v2\/comments?post=2197"}],"version-history":[{"count":50,"href":"https:\/\/gintrafa.lt\/en\/wp-json\/wp\/v2\/pages\/2197\/revisions"}],"predecessor-version":[{"id":3298,"href":"https:\/\/gintrafa.lt\/en\/wp-json\/wp\/v2\/pages\/2197\/revisions\/3298"}],"wp:attachment":[{"href":"https:\/\/gintrafa.lt\/en\/wp-json\/wp\/v2\/media?parent=2197"}],"curies":[{"name":"wp","href":"https:\/\/api.w.org\/{rel}","templated":true}]}}