{"id":3004,"date":"2023-10-11T18:41:00","date_gmt":"2023-10-11T18:41:00","guid":{"rendered":"https:\/\/gintrafa.lt\/?page_id=3004"},"modified":"2025-08-15T00:17:13","modified_gmt":"2025-08-14T22:17:13","slug":"gfa-etikos-kodeksas","status":"publish","type":"page","link":"https:\/\/gintrafa.lt\/en\/gfa-etikos-kodeksas\/","title":{"rendered":"GFA code of ethics"},"content":{"rendered":"<p>The purpose of applying the Code of Ethics is to reach a common agreement among all interested groups \u2013 children attending football classes, their parents, coaches and the administration staff of the Talent Football Academy \u2013 on certain rules of conduct during football classes or competitions, on the observance of moral and human values \u200b\u200bin the football environment, which would correspond to the values \u200b\u200bpromoted by the game of football as a social phenomenon. The Code of Ethics corresponds to the values \u200b\u200bpromoted by the FIFA Code of Ethics and is based on examples of good practice from other countries.<\/p>\n<p>The task of this code of ethics is to systematize examples of good practice and create a system of values \u200b\u200bapplicable in the country's football environment and recognized by all members of the football community. examples of good practice in other countries.<\/p>\n<p><strong>The Code of Ethics is intended for four audiences:<\/strong><\/p>\n<p>\u2022 For children attending football classes;<br \/>\n\u2022 Their parents;<br \/>\n\u2022 For coaches;<br \/>\n\u2022 Academy administration staff.<\/p>\n<p>Each of these audiences has a separate section of the Code of Ethics, which includes the specifics of behavior and values \u200b\u200brecommended for each audience. By agreeing and committing to abide by this Code of Ethics, the Academy undertakes to ensure that all of the aforementioned community member audiences will abide by this Code of Ethics.<\/p>\n<h3 class=\"widget-title\">CODE OF ETHICS FOR CHILDREN ATTENDING ACADEMY FOOTBALL CLASSES<\/h3>\n<ol>\n<li>Play for the joy of the game, not to please coaches or parents.<\/li>\n<li>Always remember that the goal of playing football is to have a good time, improve your skills, and feel good around others.<\/li>\n<li>Play by the rules of the game, follow the rules of Fair Play.<\/li>\n<li>Always respect and accept the judges' decisions.<\/li>\n<li>Respect your opponent, no matter who he is. Show him respect, regardless of his response.<\/li>\n<li>Collaborate with your coach, teammates, and even opponents not only on the field but also off it.<\/li>\n<li>During the game, do not use foul language, make obscene gestures, or demonstrate contempt or disrespect.<\/li>\n<li>Never intentionally injure your opponent for the sake of the result or for other selfish purposes.<\/li>\n<li>After the competition, be sure to thank your opponents, their coach, referee, and fans.<\/li>\n<li>Win with a smile, but also know how to lose with dignity.<\/li>\n<\/ol>\n<h3 class=\"widget-title\">ETIKOS KODEKSAS AKADEMIJOS FUTBOLO U\u017dSI\u0116MIMUS LANKAN\u010cI\u0172 VAIK\u0172 T\u0116VAMS<\/h3>\n<ol>\n<li>Leiskite savo vaikui \u017eaisti ir m\u0117gautis \u017eaidimu taip, kaip nori J\u016bs\u0173 vaikas ir komandos treneris, o ne J\u016bs.<\/li>\n<li>Prisiminkite, jog vaikas \u017eaisdamas futbol\u0105 aik\u0161t\u0117je negali vienu metu vykdyti keli\u0173 nurodym\u0173 \u2013 trenerio, J\u016bs\u0173 ir savo paties sprendimo, nes nurodymai gali b\u016bti labai skirtingi.<\/li>\n<li>Pasitik\u0117kite komandos treneriu, leiskite jam dirbti, o J\u016bs m\u0117gaukit\u0117s vaiko \u017eaidimu.<\/li>\n<li>Skatinkite ir palaikykite vaik\u0105, o kritikuokite skatinan\u010diai ir pozityviai. Kritikuodamas ne\u0161aukite.<\/li>\n<li>Niekada nei\u0161juokite, ne\u017eeminkite d\u0117l padarytos klaidos ar pralaim\u0117jimo tiek savo, tiek var\u017eov\u0173 komandos vaik\u0173.<\/li>\n<li>Pagirkite vaik\u0105 u\u017e pastangas, net jei ir nepavyko pasiekti norimo rezultato.<\/li>\n<li>Atminkite, jog J\u016bs\u0173 elges\u012f su teis\u0117ju ar var\u017eovu kopijuos ir J\u016bs\u0173 vaikas. B\u016bkite jam deramas pavyzdys.<\/li>\n<li>Susipa\u017einkite su futbolo \u017eaidimo vertyb\u0117mis ir stenkit\u0117s perteikti jas savo vaikui, skatinkite j\u012f laikytis \u017eaidimo taisykli\u0173 ir \u201eFair Play\u201c princip\u0173.<\/li>\n<li>Nevartokite alkoholini\u0173 g\u0117rim\u0173, narkotini\u0173, psichotropini\u0173 ar kit\u0173 psichik\u0105 veikian\u010di\u0173 med\u017eiag\u0173 ir ner\u016bkykite futbolo aplinkoje \u2013 toks pavyzdys vaikui yra netoleruotinas.<\/li>\n<li>Rodykite deram\u0105 pagarb\u0105 futbolo aplinkoje dirbantiems savanoriams ar pagalbiniams darbuotojams, nepriklausomai nuo J\u016bs\u0173 pasitenkinimo j\u0173 darbo kokybe \u2013 da\u017enai jie dirba be jokio atlygio J\u016bs\u0173 vaiko labui, aukodami savo laisvalaik\u012f.<\/li>\n<li>Jei komandos treneris nepageidauja t\u0117v\u0173 treniruot\u0117se, gerbkite \u0161\u012f nor\u0105.<\/li>\n<li>Nepamir\u0161kite, jog \u017eaidimo metu draud\u017eiama stebintiems asmenims \u012feiti \u012f aik\u0161t\u0117s erdv\u0119, nebent J\u016bs\u0173 pagalbos papra\u0161yt\u0173 komandos treneris.<\/li>\n<li>Aptardami vaiko rezultatus su komandos treneriu, visada \u012fvertinkite, ar J\u016bs\u0173 pokalb\u012f girdi J\u016bs\u0173 ir kiti vaikai.<\/li>\n<li>Niekada nesureik\u0161minkite savo vaiko komandos rezultato ir nelaikykite jo svarbesniu u\u017e galimyb\u0119 vaikui gerai praleisti laik\u0105 \u017eaid\u017eiant futbol\u0105, mokytis ir tobul\u0117ti.<\/li>\n<\/ol>\n<h3 class=\"widget-title\">ETIKOS KODEKSAS AKADEMIJOS FUTBOLO TRENERIAMS<\/h3>\n<div class=\"siteorigin-widget-tinymce textwidget\">\n<ol>\n<li>Niekada nepamir\u0161kite, kad svarbiausia yra vaiko saugumas ir gera emocija. Nepamir\u0161kite, kad esate atsakingas u\u017e saugi\u0105 ir smagi\u0105 futbolo aplink\u0105. Ne ma\u017eiau svarbu yra teigiamos atmosferos komandos viduje suk\u016brimas. Stenkit\u0117s, kad kiekvienas vaikas jaust\u0173si priimtas, saugus, i\u0161klausytas ir vertinamas.<\/li>\n<li>Vaiko ugdymas, tobul\u0117jimas ir progresas yra daug svarbiau nei komandos rezultato skai\u010diai turnyro lentel\u0117je. Stenkit\u0117s vaikus skatinti eiti tolyn, neakcentuokite tik rezultat\u0173. I\u0161kelkite tik tokius tikslus, kurie atitikt\u0173 \u017eaid\u0117j\u0173, komandos lyg\u012f, kurie motyvuot\u0173 ir vest\u0173 \u012f priek\u012f. Nekelkite ne\u012fvykdom\u0173 tiksl\u0173 ar u\u017eduo\u010di\u0173.<\/li>\n<li>Nepamir\u0161kite, jog vaikui \u017eaisti aik\u0161tel\u0117je yra daug smagiau nei s\u0117d\u0117ti ant atsargini\u0173 \u017eaid\u0117j\u0173 suolelio. Suteikite galimyb\u0119 m\u0117gautis futbolu visiems.<\/li>\n<li>Kaip vaik\u0173 komandos treneris, nepamir\u0161kite, kad j\u016bs\u0173 darbas yra ne tik aik\u0161tel\u0117s ribose -treniruojamiems vaikams esate daug daugiau nei tik futbolo \u017eaidimo specialistas \u2013 vaikai jumyse mato mokytoj\u0105, draug\u0105, autoritet\u0105, saugios aplinkos garant\u0105 ir sektin\u0105 pavyzd\u012f.<\/li>\n<li>Prisiminkite, kad futbolo treniruotes lankantiems vaikams reikalingas pagarbos vertas treneris, kaip sektinas pavyzdys, kuriuo jie gal\u0117t\u0173 nuolat did\u017eiuotis.<\/li>\n<li>B\u016bkite dosnus pagyrim\u0173 ir \u0161ykstus kritikos. Jei kritikuojate, j\u016bs\u0173 kritika vaikui turi b\u016bti pagr\u012fsta ir pozityvi, net ir u\u017e akivaizd\u017eias klaidas.<\/li>\n<li>Vaikas ne\u017eais geriau, jei ant jo \u0161auksite, j\u012f \u017eeminsite, niekinsite, ta\u010diau jo motyvacija ir pastangos gali b\u016bti didesnes, jei nuolat skatinsite ir pagirsite.<\/li>\n<li>Nuolat skatinkite savo aukl\u0117tinius rodyti pagarb\u0105 \u017eaidimui, \u017eaidimo \u201eFair Play\u201d principams, var\u017eovams ir teis\u0117jams.<\/li>\n<li>Netoleruokite grubaus savo aukl\u0117tini\u0173 \u017eaidimo tiek var\u017eybose, tiek treniruot\u0117se.<\/li>\n<li>Kelkite vaikams individualiai ir komandi\u0161kai realiai pasiekiamus tikslus.<\/li>\n<li>Ne\u012ftraukite rungtyn\u0117ms \u012f komandos sud\u0117t\u012f vyresni\u0173 nei tos am\u017eiaus grup\u0117s vaik\u0173, to nesuderin\u0119 su var\u017eov\u0173 komandos treneriu. Suk\u010diavimas d\u0117l teigiamo rezultato vaikams paliks daugiau nuoskaud\u0173 nei suteiks d\u017eiaugsmo.<\/li>\n<li>Kit\u0173 sporto organizacij\u0173 ugdomus futbolui gabius vaikus \u012f savo organizacij\u0105 kvieskite tik esant abipusei diskusijai su galimo kandidato lankomos sporto organizacijos atstovais. Neviliokite kitos organizacijos nario, pamindami pagarbos kitai organizacijai principus.<\/li>\n<li>Integruokite norin\u010dius pad\u0117ti futbolo treniruotes Akademijoje lankan\u010di\u0173 vaik\u0173 t\u0117vus (glob\u0117jus) \u012f komandos bendruomen\u0117s gyvenim\u0105 ir paverskite j\u0173 entuziazm\u0105 vertinga pagalba ugdymo tikslams pasiekti.<\/li>\n<li>Jus, kaip treneris, esate atsakingas ne tik u\u017e vaik\u0173, bet ir j\u0173 t\u0117v\u0173 elges\u012f var\u017eyb\u0173 metu, tad i\u0161mokite juos deramai suvaldyti ir kontroliuoti.<\/li>\n<li>I\u0161vyk\u0173 \u012f var\u017eybas metu privalote b\u016bti atsakingas u\u017e savo aukl\u0117tinius 24 val. per par\u0105 \u2013 deramai \u012fvertinkite, ar tur\u0117site galimyb\u0119 t\u0105 daryti visos i\u0161vykos metu. Visada galite pra\u0161yti futbolo treniruotes Akademijoje lankan\u010di\u0173 vaik\u0173 t\u0117v\u0173 pagalbos.<\/li>\n<li>Niekada nepamir\u0161kite, kad j\u016bs\u0173 treniruojam\u0173 vaik\u0173 elgesys aik\u0161tel\u0117je ir u\u017e jos rib\u0173 turi deramai reprezentuoti Akademij\u0105, miest\u0105, \u0161al\u012f. Skatinkite vaik\u0173 deram\u0105 elges\u012f ir j\u0173 patrioti\u0161kum\u0105 savo paties elgesiu.<\/li>\n<li>B\u016bkite atviras, dalinkit\u0117s geriausiomis praktikomis su kolegomis, pad\u0117kite vieni kitiems.<\/li>\n<li>Nevartokite alkoholini\u0173 g\u0117rim\u0173, narkotini\u0173 med\u017eiag\u0173 ir ner\u016bkykite futbolo aplinkoje (ypa\u010d d\u0117vint aprang\u0105 pa\u017eym\u0117t\u0105 Akademijos logotipu) \u2013 toks pavyzdys vaikui yra netoleruotinas bei nederantis su Akademijos vertyb\u0117mis.<\/li>\n<\/ol>\n<h3 class=\"widget-title\">ETIKOS KODEKSAS AKADEMIJOS ADMINISTRACIJOS DARBUOTOJAMS<\/h3>\n<div class=\"siteorigin-widget-tinymce textwidget\">\n<ol>\n<li>Saugios ir smagios futbolo aplinkos suk\u016brimas futbolo u\u017esi\u0117mimus lankan\u010diam vaikui Akademijoje \u2013 vienas svarbiausi\u0173 tiksl\u0173 ir u\u017edavini\u0173, kur\u012f turite pasiekti kartu su atskiros komandos treneriu.<\/li>\n<li>Turite u\u017etikrinti, kad organizacijos sportini\u0173 tiksl\u0173 ar atskir\u0173 komand\u0173 rezultat\u0173 siekimas niekada nebus svarbesnis nei atskiro vaiko sveikatos b\u016bkl\u0117 ar gera emocija.<\/li>\n<li>Organizacijos vadybos sistema turi u\u017etikrinti, kad su vaikais dirba deram\u0105 profesin\u0119 kompetencij\u0105, reikiamas pedagogines \u017einias ir auk\u0161tas moralines vertybes turintys treneriai ar j\u0173 asistentai.<\/li>\n<li>Darbuotojai savo elgesiu visose situacijose propaguoja futbolo \u017eaidimo vertybes ir \u017eaidimo \u201eFair Play\u201d principus.<\/li>\n<li>Nevadovaukite u\u017e trener\u012f jo komandai var\u017eyb\u0173 metu, nebent i\u0161 anksto taip sutarta su treneriu. Nemenkinkite trenerio autoriteto jo aukl\u0117tini\u0173 akivaizdoje.<\/li>\n<li>Nekritikuokite trenerio sprendim\u0173, savybi\u0173 ar veiksm\u0173 girdint jo treniruojamiems vaikams, nebent tie veiksmai tiesiogiai gr\u0117st\u0173 vaik\u0173 saugumui ar nusi\u017eengt\u0173 bendra\u017emogi\u0161koms vertyb\u0117ms.<\/li>\n<li>Suteikite visas s\u0105lygas dirbti treneriams, pasir\u016bpinkite j\u0173 poreikiais. Jei treneriams reikia pagalbos \u2013 b\u016btinai j\u0105 suteikite.<\/li>\n<li>Grie\u017etai netoleruokite treneri\u0173 ar j\u0173 asistent\u0173 piktnaud\u017eiavimo alkoholiu, narkotin\u0117mis med\u017eiagomis ar neatsakomyb\u0117s vaik\u0173 at\u017evilgiu, nepaisant auk\u0161tos trenerio profesin\u0117s kompetencijos.<\/li>\n<li>Netoleruokite r\u016bkymo vaik\u0173 futbolo aplinkoje.<\/li>\n<li>Kit\u0173 sporto organizacij\u0173 ugdomus futbolui gabius vaikus \u012f savo organizacij\u0105 kvieskite tik esant abipusei diskusijai su galimo kandidato lankomos sporto organizacijos atstovais. Neviliokite kitos organizacijos nario, pamindami pagarbos kitai organizacijai principus.<\/li>\n<li>Tinkamai vykdykite visus \u012fsipareigojimus ir kurkite ger\u0105 Akademijos reputacij\u0105 bendraudami su partneriais, r\u0117m\u0117jais ir kitomis suinteresuotomis \u0161alimis.<\/li>\n<li>B\u016bkite futbolo ambasadoriai visuose organizacijos lygmenyse vaik\u0173, j\u0173 t\u0117v\u0173 ir visuomen\u0117s akyse.<\/li>\n<li>Nevartokite alkoholini\u0173 g\u0117rim\u0173, narkotini\u0173 med\u017eiag\u0173 ir ner\u016bkykite futbolo aplinkoje (ypa\u010d d\u0117vint aprang\u0105 pa\u017eym\u0117t\u0105 Akademijos logotipu) \u2013 toks pavyzdys yra netoleruotinas bei nederantis su Akademijos vertyb\u0117mis.<\/li>\n<\/ol>\n<p class=\"has-text-align-center\"><em>Etikos kodeksas atnaujintas 2024 m. rugs\u0117jo 30 d. \u201eFutbolo akademija Gintra\u201c direktoriaus \u012fsakymu.<\/em><\/p>\n<\/div>\n<\/div>","protected":false},"excerpt":{"rendered":"<p>Etikos kodekso taikymo tikslas yra bendrai susitarti visoms suinteresuotoms grup\u0117ms \u2013 futbolo u\u017esi\u0117mimus lankantiems vaikams, j\u0173 t\u0117vams, treneriams ir Talent\u0173 Futbolo Akademijos administracijos darbuotojams d\u0117l tam tikr\u0173 elgsenos taisykli\u0173 futbolo u\u017esi\u0117mim\u0173 ar var\u017eyb\u0173 metu, d\u0117l moralini\u0173 ir bendra\u017emogi\u0161k\u0173 vertybi\u0173 laikymosi futbolo aplinkoje, kurios atitikt\u0173 futbolo \u017eaidimo kaip socialinio rei\u0161kinio propaguojamas vertybes. Etikos kodeksas atitinka FIFA [&hellip;]<\/p>","protected":false},"author":5,"featured_media":0,"parent":0,"menu_order":0,"comment_status":"closed","ping_status":"closed","template":"","meta":{"footnotes":""},"yoast_head":"<!-- This site is optimized with the Yoast SEO plugin v22.1 - https:\/\/yoast.com\/wordpress\/plugins\/seo\/ -->\n<title>GFA Etikos kodeksas - Gintra football academy<\/title>\n<meta name=\"robots\" content=\"index, follow, max-snippet:-1, max-image-preview:large, max-video-preview:-1\" \/>\n<link rel=\"canonical\" href=\"https:\/\/gintrafa.lt\/en\/gfa-etikos-kodeksas\/\" \/>\n<meta property=\"og:locale\" content=\"en_US\" \/>\n<meta property=\"og:type\" content=\"article\" \/>\n<meta property=\"og:title\" content=\"GFA Etikos kodeksas - Gintra football academy\" \/>\n<meta property=\"og:description\" content=\"Etikos kodekso taikymo tikslas yra bendrai susitarti visoms suinteresuotoms grup\u0117ms \u2013 futbolo u\u017esi\u0117mimus lankantiems vaikams, j\u0173 t\u0117vams, treneriams ir Talent\u0173 Futbolo Akademijos administracijos darbuotojams d\u0117l tam tikr\u0173 elgsenos taisykli\u0173 futbolo u\u017esi\u0117mim\u0173 ar var\u017eyb\u0173 metu, d\u0117l moralini\u0173 ir bendra\u017emogi\u0161k\u0173 vertybi\u0173 laikymosi futbolo aplinkoje, kurios atitikt\u0173 futbolo \u017eaidimo kaip socialinio rei\u0161kinio propaguojamas vertybes. Etikos kodeksas atitinka FIFA [&hellip;]\" \/>\n<meta property=\"og:url\" content=\"https:\/\/gintrafa.lt\/en\/gfa-etikos-kodeksas\/\" \/>\n<meta property=\"og:site_name\" content=\"Gintra football academy\" \/>\n<meta property=\"article:modified_time\" content=\"2025-08-14T22:17:13+00:00\" \/>\n<meta name=\"twitter:card\" content=\"summary_large_image\" \/>\n<meta name=\"twitter:label1\" content=\"Est. reading time\" \/>\n\t<meta name=\"twitter:data1\" content=\"7 minutes\" \/>\n<script type=\"application\/ld+json\" class=\"yoast-schema-graph\">{\"@context\":\"https:\/\/schema.org\",\"@graph\":[{\"@type\":\"WebPage\",\"@id\":\"https:\/\/gintrafa.lt\/gfa-etikos-kodeksas\/\",\"url\":\"https:\/\/gintrafa.lt\/gfa-etikos-kodeksas\/\",\"name\":\"GFA Etikos kodeksas - Gintra football academy\",\"isPartOf\":{\"@id\":\"https:\/\/gintrafa.lt\/#website\"},\"datePublished\":\"2023-10-11T18:41:00+00:00\",\"dateModified\":\"2025-08-14T22:17:13+00:00\",\"breadcrumb\":{\"@id\":\"https:\/\/gintrafa.lt\/gfa-etikos-kodeksas\/#breadcrumb\"},\"inLanguage\":\"en-US\",\"potentialAction\":[{\"@type\":\"ReadAction\",\"target\":[\"https:\/\/gintrafa.lt\/gfa-etikos-kodeksas\/\"]}]},{\"@type\":\"BreadcrumbList\",\"@id\":\"https:\/\/gintrafa.lt\/gfa-etikos-kodeksas\/#breadcrumb\",\"itemListElement\":[{\"@type\":\"ListItem\",\"position\":1,\"name\":\"Home\",\"item\":\"https:\/\/gintrafa.lt\/\"},{\"@type\":\"ListItem\",\"position\":2,\"name\":\"GFA Etikos kodeksas\"}]},{\"@type\":\"WebSite\",\"@id\":\"https:\/\/gintrafa.lt\/#website\",\"url\":\"https:\/\/gintrafa.lt\/\",\"name\":\"Gintra football academy\",\"description\":\"Berniuk\u0173 ir mergai\u010di\u0173 futbolo akademija\",\"publisher\":{\"@id\":\"https:\/\/gintrafa.lt\/#organization\"},\"potentialAction\":[{\"@type\":\"SearchAction\",\"target\":{\"@type\":\"EntryPoint\",\"urlTemplate\":\"https:\/\/gintrafa.lt\/?s={search_term_string}\"},\"query-input\":\"required name=search_term_string\"}],\"inLanguage\":\"en-US\"},{\"@type\":\"Organization\",\"@id\":\"https:\/\/gintrafa.lt\/#organization\",\"name\":\"Gintra football academy\",\"url\":\"https:\/\/gintrafa.lt\/\",\"logo\":{\"@type\":\"ImageObject\",\"inLanguage\":\"en-US\",\"@id\":\"https:\/\/gintrafa.lt\/#\/schema\/logo\/image\/\",\"url\":\"https:\/\/gintrafa.lt\/wp-content\/uploads\/2022\/10\/cropped-GINTRA-FA-logo-150x150-1-e1666990383353.png\",\"contentUrl\":\"https:\/\/gintrafa.lt\/wp-content\/uploads\/2022\/10\/cropped-GINTRA-FA-logo-150x150-1-e1666990383353.png\",\"width\":70,\"height\":70,\"caption\":\"Gintra football academy\"},\"image\":{\"@id\":\"https:\/\/gintrafa.lt\/#\/schema\/logo\/image\/\"}}]}<\/script>\n<!-- \/ Yoast SEO plugin. -->","yoast_head_json":{"title":"GFA Etikos kodeksas - Gintra football academy","robots":{"index":"index","follow":"follow","max-snippet":"max-snippet:-1","max-image-preview":"max-image-preview:large","max-video-preview":"max-video-preview:-1"},"canonical":"https:\/\/gintrafa.lt\/en\/gfa-etikos-kodeksas\/","og_locale":"en_US","og_type":"article","og_title":"GFA Etikos kodeksas - Gintra football academy","og_description":"Etikos kodekso taikymo tikslas yra bendrai susitarti visoms suinteresuotoms grup\u0117ms \u2013 futbolo u\u017esi\u0117mimus lankantiems vaikams, j\u0173 t\u0117vams, treneriams ir Talent\u0173 Futbolo Akademijos administracijos darbuotojams d\u0117l tam tikr\u0173 elgsenos taisykli\u0173 futbolo u\u017esi\u0117mim\u0173 ar var\u017eyb\u0173 metu, d\u0117l moralini\u0173 ir bendra\u017emogi\u0161k\u0173 vertybi\u0173 laikymosi futbolo aplinkoje, kurios atitikt\u0173 futbolo \u017eaidimo kaip socialinio rei\u0161kinio propaguojamas vertybes. Etikos kodeksas atitinka FIFA [&hellip;]","og_url":"https:\/\/gintrafa.lt\/en\/gfa-etikos-kodeksas\/","og_site_name":"Gintra football academy","article_modified_time":"2025-08-14T22:17:13+00:00","twitter_card":"summary_large_image","twitter_misc":{"Est. reading time":"7 minutes"},"schema":{"@context":"https:\/\/schema.org","@graph":[{"@type":"WebPage","@id":"https:\/\/gintrafa.lt\/gfa-etikos-kodeksas\/","url":"https:\/\/gintrafa.lt\/gfa-etikos-kodeksas\/","name":"GFA Etikos kodeksas - Gintra football academy","isPartOf":{"@id":"https:\/\/gintrafa.lt\/#website"},"datePublished":"2023-10-11T18:41:00+00:00","dateModified":"2025-08-14T22:17:13+00:00","breadcrumb":{"@id":"https:\/\/gintrafa.lt\/gfa-etikos-kodeksas\/#breadcrumb"},"inLanguage":"en-US","potentialAction":[{"@type":"ReadAction","target":["https:\/\/gintrafa.lt\/gfa-etikos-kodeksas\/"]}]},{"@type":"BreadcrumbList","@id":"https:\/\/gintrafa.lt\/gfa-etikos-kodeksas\/#breadcrumb","itemListElement":[{"@type":"ListItem","position":1,"name":"Home","item":"https:\/\/gintrafa.lt\/"},{"@type":"ListItem","position":2,"name":"GFA Etikos kodeksas"}]},{"@type":"WebSite","@id":"https:\/\/gintrafa.lt\/#website","url":"https:\/\/gintrafa.lt\/","name":"Gintra football academy","description":"Berniuk\u0173 ir mergai\u010di\u0173 futbolo akademija","publisher":{"@id":"https:\/\/gintrafa.lt\/#organization"},"potentialAction":[{"@type":"SearchAction","target":{"@type":"EntryPoint","urlTemplate":"https:\/\/gintrafa.lt\/?s={search_term_string}"},"query-input":"required name=search_term_string"}],"inLanguage":"en-US"},{"@type":"Organization","@id":"https:\/\/gintrafa.lt\/#organization","name":"Gintra football academy","url":"https:\/\/gintrafa.lt\/","logo":{"@type":"ImageObject","inLanguage":"en-US","@id":"https:\/\/gintrafa.lt\/#\/schema\/logo\/image\/","url":"https:\/\/gintrafa.lt\/wp-content\/uploads\/2022\/10\/cropped-GINTRA-FA-logo-150x150-1-e1666990383353.png","contentUrl":"https:\/\/gintrafa.lt\/wp-content\/uploads\/2022\/10\/cropped-GINTRA-FA-logo-150x150-1-e1666990383353.png","width":70,"height":70,"caption":"Gintra football academy"},"image":{"@id":"https:\/\/gintrafa.lt\/#\/schema\/logo\/image\/"}}]}},"_links":{"self":[{"href":"https:\/\/gintrafa.lt\/en\/wp-json\/wp\/v2\/pages\/3004"}],"collection":[{"href":"https:\/\/gintrafa.lt\/en\/wp-json\/wp\/v2\/pages"}],"about":[{"href":"https:\/\/gintrafa.lt\/en\/wp-json\/wp\/v2\/types\/page"}],"author":[{"embeddable":true,"href":"https:\/\/gintrafa.lt\/en\/wp-json\/wp\/v2\/users\/5"}],"replies":[{"embeddable":true,"href":"https:\/\/gintrafa.lt\/en\/wp-json\/wp\/v2\/comments?post=3004"}],"version-history":[{"count":2,"href":"https:\/\/gintrafa.lt\/en\/wp-json\/wp\/v2\/pages\/3004\/revisions"}],"predecessor-version":[{"id":3199,"href":"https:\/\/gintrafa.lt\/en\/wp-json\/wp\/v2\/pages\/3004\/revisions\/3199"}],"wp:attachment":[{"href":"https:\/\/gintrafa.lt\/en\/wp-json\/wp\/v2\/media?parent=3004"}],"curies":[{"name":"wp","href":"https:\/\/api.w.org\/{rel}","templated":true}]}}