{"id":2802,"date":"2023-01-31T14:56:15","date_gmt":"2023-01-31T14:56:15","guid":{"rendered":"https:\/\/gintrafa.lt\/?post_type=product&#038;p=2802"},"modified":"2023-02-01T08:56:51","modified_gmt":"2023-02-01T08:56:51","slug":"kepuraite-su-tinkleliu-geltona","status":"publish","type":"product","link":"https:\/\/gintrafa.lt\/en\/product\/kepuraite-su-tinkleliu-geltona\/","title":{"rendered":"Kepurait\u0117 su tinkleliu (geltona)"},"content":{"rendered":"<p>Spalva: geltona \/ balta<\/p>\n<p>Reguliuojamo dyd\u017eio<\/p>\n<p>U\u017esakymai priimami el. p. info@gintrafa.lt<\/p>","protected":false},"excerpt":{"rendered":"<p>Reguliuojamo dyd\u017eio<\/p>","protected":false},"featured_media":2803,"comment_status":"closed","ping_status":"closed","template":"","meta":[],"product_cat":[131],"product_tag":[],"yoast_head":"<!-- This site is optimized with the Yoast SEO plugin v22.1 - https:\/\/yoast.com\/wordpress\/plugins\/seo\/ -->\n<title>Kepurait\u0117 su tinkleliu (geltona) - Gintra football academy<\/title>\n<meta name=\"robots\" content=\"index, follow, max-snippet:-1, max-image-preview:large, max-video-preview:-1\" \/>\n<link rel=\"canonical\" href=\"https:\/\/gintrafa.lt\/en\/product\/kepuraite-su-tinkleliu-geltona\/\" \/>\n<meta property=\"og:locale\" content=\"en_US\" \/>\n<meta property=\"og:type\" content=\"article\" \/>\n<meta property=\"og:title\" content=\"Kepurait\u0117 su tinkleliu (geltona) - Gintra football academy\" \/>\n<meta property=\"og:description\" content=\"Reguliuojamo dyd\u017eio\" \/>\n<meta property=\"og:url\" content=\"https:\/\/gintrafa.lt\/en\/product\/kepuraite-su-tinkleliu-geltona\/\" \/>\n<meta property=\"og:site_name\" content=\"Gintra football academy\" \/>\n<meta property=\"article:modified_time\" content=\"2023-02-01T08:56:51+00:00\" \/>\n<meta property=\"og:image\" content=\"https:\/\/gintrafa.lt\/wp-content\/uploads\/2023\/01\/kepuraite-geltona.jpg\" \/>\n\t<meta property=\"og:image:width\" content=\"1381\" \/>\n\t<meta property=\"og:image:height\" content=\"1203\" \/>\n\t<meta property=\"og:image:type\" content=\"image\/jpeg\" \/>\n<meta name=\"twitter:card\" content=\"summary_large_image\" \/>\n<meta name=\"twitter:label1\" content=\"Est. reading time\" \/>\n\t<meta name=\"twitter:data1\" content=\"1 minute\" \/>\n<script type=\"application\/ld+json\" class=\"yoast-schema-graph\">{\"@context\":\"https:\/\/schema.org\",\"@graph\":[{\"@type\":\"WebPage\",\"@id\":\"https:\/\/gintrafa.lt\/product\/kepuraite-su-tinkleliu-geltona\/\",\"url\":\"https:\/\/gintrafa.lt\/product\/kepuraite-su-tinkleliu-geltona\/\",\"name\":\"Kepurait\u0117 su tinkleliu (geltona) - Gintra football academy\",\"isPartOf\":{\"@id\":\"https:\/\/gintrafa.lt\/#website\"},\"datePublished\":\"2023-01-31T14:56:15+00:00\",\"dateModified\":\"2023-02-01T08:56:51+00:00\",\"breadcrumb\":{\"@id\":\"https:\/\/gintrafa.lt\/product\/kepuraite-su-tinkleliu-geltona\/#breadcrumb\"},\"inLanguage\":\"en-US\",\"potentialAction\":[{\"@type\":\"ReadAction\",\"target\":[\"https:\/\/gintrafa.lt\/product\/kepuraite-su-tinkleliu-geltona\/\"]}]},{\"@type\":\"BreadcrumbList\",\"@id\":\"https:\/\/gintrafa.lt\/product\/kepuraite-su-tinkleliu-geltona\/#breadcrumb\",\"itemListElement\":[{\"@type\":\"ListItem\",\"position\":1,\"name\":\"Home\",\"item\":\"https:\/\/gintrafa.lt\/\"},{\"@type\":\"ListItem\",\"position\":2,\"name\":\"Atributika\",\"item\":\"https:\/\/gintrafa.lt\/shop\/\"},{\"@type\":\"ListItem\",\"position\":3,\"name\":\"Kepurait\u0117 su tinkleliu (geltona)\"}]},{\"@type\":\"WebSite\",\"@id\":\"https:\/\/gintrafa.lt\/#website\",\"url\":\"https:\/\/gintrafa.lt\/\",\"name\":\"Gintra football academy\",\"description\":\"Berniuk\u0173 ir mergai\u010di\u0173 futbolo akademija\",\"publisher\":{\"@id\":\"https:\/\/gintrafa.lt\/#organization\"},\"potentialAction\":[{\"@type\":\"SearchAction\",\"target\":{\"@type\":\"EntryPoint\",\"urlTemplate\":\"https:\/\/gintrafa.lt\/?s={search_term_string}\"},\"query-input\":\"required name=search_term_string\"}],\"inLanguage\":\"en-US\"},{\"@type\":\"Organization\",\"@id\":\"https:\/\/gintrafa.lt\/#organization\",\"name\":\"Gintra football academy\",\"url\":\"https:\/\/gintrafa.lt\/\",\"logo\":{\"@type\":\"ImageObject\",\"inLanguage\":\"en-US\",\"@id\":\"https:\/\/gintrafa.lt\/#\/schema\/logo\/image\/\",\"url\":\"https:\/\/gintrafa.lt\/wp-content\/uploads\/2022\/10\/cropped-GINTRA-FA-logo-150x150-1-e1666990383353.png\",\"contentUrl\":\"https:\/\/gintrafa.lt\/wp-content\/uploads\/2022\/10\/cropped-GINTRA-FA-logo-150x150-1-e1666990383353.png\",\"width\":70,\"height\":70,\"caption\":\"Gintra football academy\"},\"image\":{\"@id\":\"https:\/\/gintrafa.lt\/#\/schema\/logo\/image\/\"}}]}<\/script>\n<!-- \/ Yoast SEO plugin. -->","yoast_head_json":{"title":"Kepurait\u0117 su tinkleliu (geltona) - Gintra football academy","robots":{"index":"index","follow":"follow","max-snippet":"max-snippet:-1","max-image-preview":"max-image-preview:large","max-video-preview":"max-video-preview:-1"},"canonical":"https:\/\/gintrafa.lt\/en\/product\/kepuraite-su-tinkleliu-geltona\/","og_locale":"en_US","og_type":"article","og_title":"Kepurait\u0117 su tinkleliu (geltona) - Gintra football academy","og_description":"Reguliuojamo dyd\u017eio","og_url":"https:\/\/gintrafa.lt\/en\/product\/kepuraite-su-tinkleliu-geltona\/","og_site_name":"Gintra football academy","article_modified_time":"2023-02-01T08:56:51+00:00","og_image":[{"width":1381,"height":1203,"url":"https:\/\/gintrafa.lt\/wp-content\/uploads\/2023\/01\/kepuraite-geltona.jpg","type":"image\/jpeg"}],"twitter_card":"summary_large_image","twitter_misc":{"Est. reading time":"1 minute"},"schema":{"@context":"https:\/\/schema.org","@graph":[{"@type":"WebPage","@id":"https:\/\/gintrafa.lt\/product\/kepuraite-su-tinkleliu-geltona\/","url":"https:\/\/gintrafa.lt\/product\/kepuraite-su-tinkleliu-geltona\/","name":"Kepurait\u0117 su tinkleliu (geltona) - Gintra football academy","isPartOf":{"@id":"https:\/\/gintrafa.lt\/#website"},"datePublished":"2023-01-31T14:56:15+00:00","dateModified":"2023-02-01T08:56:51+00:00","breadcrumb":{"@id":"https:\/\/gintrafa.lt\/product\/kepuraite-su-tinkleliu-geltona\/#breadcrumb"},"inLanguage":"en-US","potentialAction":[{"@type":"ReadAction","target":["https:\/\/gintrafa.lt\/product\/kepuraite-su-tinkleliu-geltona\/"]}]},{"@type":"BreadcrumbList","@id":"https:\/\/gintrafa.lt\/product\/kepuraite-su-tinkleliu-geltona\/#breadcrumb","itemListElement":[{"@type":"ListItem","position":1,"name":"Home","item":"https:\/\/gintrafa.lt\/"},{"@type":"ListItem","position":2,"name":"Atributika","item":"https:\/\/gintrafa.lt\/shop\/"},{"@type":"ListItem","position":3,"name":"Kepurait\u0117 su tinkleliu (geltona)"}]},{"@type":"WebSite","@id":"https:\/\/gintrafa.lt\/#website","url":"https:\/\/gintrafa.lt\/","name":"Gintra football academy","description":"Berniuk\u0173 ir mergai\u010di\u0173 futbolo akademija","publisher":{"@id":"https:\/\/gintrafa.lt\/#organization"},"potentialAction":[{"@type":"SearchAction","target":{"@type":"EntryPoint","urlTemplate":"https:\/\/gintrafa.lt\/?s={search_term_string}"},"query-input":"required name=search_term_string"}],"inLanguage":"en-US"},{"@type":"Organization","@id":"https:\/\/gintrafa.lt\/#organization","name":"Gintra football academy","url":"https:\/\/gintrafa.lt\/","logo":{"@type":"ImageObject","inLanguage":"en-US","@id":"https:\/\/gintrafa.lt\/#\/schema\/logo\/image\/","url":"https:\/\/gintrafa.lt\/wp-content\/uploads\/2022\/10\/cropped-GINTRA-FA-logo-150x150-1-e1666990383353.png","contentUrl":"https:\/\/gintrafa.lt\/wp-content\/uploads\/2022\/10\/cropped-GINTRA-FA-logo-150x150-1-e1666990383353.png","width":70,"height":70,"caption":"Gintra football academy"},"image":{"@id":"https:\/\/gintrafa.lt\/#\/schema\/logo\/image\/"}}]}},"_links":{"self":[{"href":"https:\/\/gintrafa.lt\/en\/wp-json\/wp\/v2\/product\/2802"}],"collection":[{"href":"https:\/\/gintrafa.lt\/en\/wp-json\/wp\/v2\/product"}],"about":[{"href":"https:\/\/gintrafa.lt\/en\/wp-json\/wp\/v2\/types\/product"}],"replies":[{"embeddable":true,"href":"https:\/\/gintrafa.lt\/en\/wp-json\/wp\/v2\/comments?post=2802"}],"wp:featuredmedia":[{"embeddable":true,"href":"https:\/\/gintrafa.lt\/en\/wp-json\/wp\/v2\/media\/2803"}],"wp:attachment":[{"href":"https:\/\/gintrafa.lt\/en\/wp-json\/wp\/v2\/media?parent=2802"}],"wp:term":[{"taxonomy":"product_cat","embeddable":true,"href":"https:\/\/gintrafa.lt\/en\/wp-json\/wp\/v2\/product_cat?post=2802"},{"taxonomy":"product_tag","embeddable":true,"href":"https:\/\/gintrafa.lt\/en\/wp-json\/wp\/v2\/product_tag?post=2802"}],"curies":[{"name":"wp","href":"https:\/\/api.w.org\/{rel}","templated":true}]}}