{"id":3281,"date":"2026-02-05T13:38:52","date_gmt":"2026-02-05T11:38:52","guid":{"rendered":"https:\/\/gintrafa.lt\/?post_type=product&#038;p=3281"},"modified":"2026-03-04T00:41:49","modified_gmt":"2026-03-03T22:41:49","slug":"stilingo-dizaino-laisvalaikio-dzemperis-juodas","status":"publish","type":"product","link":"https:\/\/gintrafa.lt\/en\/product\/stilingo-dizaino-laisvalaikio-dzemperis-juodas\/","title":{"rendered":"Stilingo dizaino laisvalaikio d\u017eemperis (juodas)"},"content":{"rendered":"<p>Dydis:\u00a0pagal poreik\u012f (S, M, L, XL). Unisex<br \/>\nSpalva: juoda<\/p>\n<p>U\u017esakymai priimami el. p. info@gintrafa.lt<\/p>\n<p>&nbsp;<\/p>","protected":false},"excerpt":{"rendered":"<p>Dydis:\u00a0pagal poreik\u012f (S, M, L, XL). Unisex Spalva: juoda U\u017esakymai priimami el. p. info@gintrafa.lt &nbsp;<\/p>","protected":false},"featured_media":3282,"comment_status":"closed","ping_status":"closed","template":"","meta":[],"product_cat":[131,135],"product_tag":[],"yoast_head":"<!-- This site is optimized with the Yoast SEO plugin v22.1 - https:\/\/yoast.com\/wordpress\/plugins\/seo\/ -->\n<title>Stilingo dizaino laisvalaikio d\u017eemperis (juodas) - Gintra football academy<\/title>\n<meta name=\"robots\" content=\"index, follow, max-snippet:-1, max-image-preview:large, max-video-preview:-1\" \/>\n<link rel=\"canonical\" href=\"https:\/\/gintrafa.lt\/en\/product\/stilingo-dizaino-laisvalaikio-dzemperis-juodas\/\" \/>\n<meta property=\"og:locale\" content=\"en_US\" \/>\n<meta property=\"og:type\" content=\"article\" \/>\n<meta property=\"og:title\" content=\"Stilingo dizaino laisvalaikio d\u017eemperis (juodas) - Gintra football academy\" \/>\n<meta property=\"og:description\" content=\"Dydis:\u00a0pagal poreik\u012f (S, M, L, XL). Unisex Spalva: juoda U\u017esakymai priimami el. p. info@gintrafa.lt &nbsp;\" \/>\n<meta property=\"og:url\" content=\"https:\/\/gintrafa.lt\/en\/product\/stilingo-dizaino-laisvalaikio-dzemperis-juodas\/\" \/>\n<meta property=\"og:site_name\" content=\"Gintra football academy\" \/>\n<meta property=\"article:modified_time\" content=\"2026-03-03T22:41:49+00:00\" \/>\n<meta property=\"og:image\" content=\"https:\/\/gintrafa.lt\/wp-content\/uploads\/2026\/02\/juodas-galas-683x1024.png\" \/>\n\t<meta property=\"og:image:width\" content=\"683\" \/>\n\t<meta property=\"og:image:height\" content=\"1024\" \/>\n\t<meta property=\"og:image:type\" content=\"image\/png\" \/>\n<meta name=\"twitter:card\" content=\"summary_large_image\" \/>\n<meta name=\"twitter:label1\" content=\"Est. reading time\" \/>\n\t<meta name=\"twitter:data1\" content=\"1 minute\" \/>\n<script type=\"application\/ld+json\" class=\"yoast-schema-graph\">{\"@context\":\"https:\/\/schema.org\",\"@graph\":[{\"@type\":\"WebPage\",\"@id\":\"https:\/\/gintrafa.lt\/product\/stilingo-dizaino-laisvalaikio-dzemperis-juodas\/\",\"url\":\"https:\/\/gintrafa.lt\/product\/stilingo-dizaino-laisvalaikio-dzemperis-juodas\/\",\"name\":\"Stilingo dizaino laisvalaikio d\u017eemperis (juodas) - Gintra football academy\",\"isPartOf\":{\"@id\":\"https:\/\/gintrafa.lt\/#website\"},\"datePublished\":\"2026-02-05T11:38:52+00:00\",\"dateModified\":\"2026-03-03T22:41:49+00:00\",\"breadcrumb\":{\"@id\":\"https:\/\/gintrafa.lt\/product\/stilingo-dizaino-laisvalaikio-dzemperis-juodas\/#breadcrumb\"},\"inLanguage\":\"en-US\",\"potentialAction\":[{\"@type\":\"ReadAction\",\"target\":[\"https:\/\/gintrafa.lt\/product\/stilingo-dizaino-laisvalaikio-dzemperis-juodas\/\"]}]},{\"@type\":\"BreadcrumbList\",\"@id\":\"https:\/\/gintrafa.lt\/product\/stilingo-dizaino-laisvalaikio-dzemperis-juodas\/#breadcrumb\",\"itemListElement\":[{\"@type\":\"ListItem\",\"position\":1,\"name\":\"Home\",\"item\":\"https:\/\/gintrafa.lt\/\"},{\"@type\":\"ListItem\",\"position\":2,\"name\":\"Atributika\",\"item\":\"https:\/\/gintrafa.lt\/shop\/\"},{\"@type\":\"ListItem\",\"position\":3,\"name\":\"Stilingo dizaino laisvalaikio d\u017eemperis (juodas)\"}]},{\"@type\":\"WebSite\",\"@id\":\"https:\/\/gintrafa.lt\/#website\",\"url\":\"https:\/\/gintrafa.lt\/\",\"name\":\"Gintra football academy\",\"description\":\"Berniuk\u0173 ir mergai\u010di\u0173 futbolo akademija\",\"publisher\":{\"@id\":\"https:\/\/gintrafa.lt\/#organization\"},\"potentialAction\":[{\"@type\":\"SearchAction\",\"target\":{\"@type\":\"EntryPoint\",\"urlTemplate\":\"https:\/\/gintrafa.lt\/?s={search_term_string}\"},\"query-input\":\"required name=search_term_string\"}],\"inLanguage\":\"en-US\"},{\"@type\":\"Organization\",\"@id\":\"https:\/\/gintrafa.lt\/#organization\",\"name\":\"Gintra football academy\",\"url\":\"https:\/\/gintrafa.lt\/\",\"logo\":{\"@type\":\"ImageObject\",\"inLanguage\":\"en-US\",\"@id\":\"https:\/\/gintrafa.lt\/#\/schema\/logo\/image\/\",\"url\":\"https:\/\/gintrafa.lt\/wp-content\/uploads\/2022\/10\/cropped-GINTRA-FA-logo-150x150-1-e1666990383353.png\",\"contentUrl\":\"https:\/\/gintrafa.lt\/wp-content\/uploads\/2022\/10\/cropped-GINTRA-FA-logo-150x150-1-e1666990383353.png\",\"width\":70,\"height\":70,\"caption\":\"Gintra football academy\"},\"image\":{\"@id\":\"https:\/\/gintrafa.lt\/#\/schema\/logo\/image\/\"}}]}<\/script>\n<!-- \/ Yoast SEO plugin. -->","yoast_head_json":{"title":"Stilingo dizaino laisvalaikio d\u017eemperis (juodas) - Gintra football academy","robots":{"index":"index","follow":"follow","max-snippet":"max-snippet:-1","max-image-preview":"max-image-preview:large","max-video-preview":"max-video-preview:-1"},"canonical":"https:\/\/gintrafa.lt\/en\/product\/stilingo-dizaino-laisvalaikio-dzemperis-juodas\/","og_locale":"en_US","og_type":"article","og_title":"Stilingo dizaino laisvalaikio d\u017eemperis (juodas) - Gintra football academy","og_description":"Dydis:\u00a0pagal poreik\u012f (S, M, L, XL). Unisex Spalva: juoda U\u017esakymai priimami el. p. info@gintrafa.lt &nbsp;","og_url":"https:\/\/gintrafa.lt\/en\/product\/stilingo-dizaino-laisvalaikio-dzemperis-juodas\/","og_site_name":"Gintra football academy","article_modified_time":"2026-03-03T22:41:49+00:00","og_image":[{"width":683,"height":1024,"url":"https:\/\/gintrafa.lt\/wp-content\/uploads\/2026\/02\/juodas-galas-683x1024.png","type":"image\/png"}],"twitter_card":"summary_large_image","twitter_misc":{"Est. reading time":"1 minute"},"schema":{"@context":"https:\/\/schema.org","@graph":[{"@type":"WebPage","@id":"https:\/\/gintrafa.lt\/product\/stilingo-dizaino-laisvalaikio-dzemperis-juodas\/","url":"https:\/\/gintrafa.lt\/product\/stilingo-dizaino-laisvalaikio-dzemperis-juodas\/","name":"Stilingo dizaino laisvalaikio d\u017eemperis (juodas) - Gintra football academy","isPartOf":{"@id":"https:\/\/gintrafa.lt\/#website"},"datePublished":"2026-02-05T11:38:52+00:00","dateModified":"2026-03-03T22:41:49+00:00","breadcrumb":{"@id":"https:\/\/gintrafa.lt\/product\/stilingo-dizaino-laisvalaikio-dzemperis-juodas\/#breadcrumb"},"inLanguage":"en-US","potentialAction":[{"@type":"ReadAction","target":["https:\/\/gintrafa.lt\/product\/stilingo-dizaino-laisvalaikio-dzemperis-juodas\/"]}]},{"@type":"BreadcrumbList","@id":"https:\/\/gintrafa.lt\/product\/stilingo-dizaino-laisvalaikio-dzemperis-juodas\/#breadcrumb","itemListElement":[{"@type":"ListItem","position":1,"name":"Home","item":"https:\/\/gintrafa.lt\/"},{"@type":"ListItem","position":2,"name":"Atributika","item":"https:\/\/gintrafa.lt\/shop\/"},{"@type":"ListItem","position":3,"name":"Stilingo dizaino laisvalaikio d\u017eemperis (juodas)"}]},{"@type":"WebSite","@id":"https:\/\/gintrafa.lt\/#website","url":"https:\/\/gintrafa.lt\/","name":"Gintra football academy","description":"Berniuk\u0173 ir mergai\u010di\u0173 futbolo akademija","publisher":{"@id":"https:\/\/gintrafa.lt\/#organization"},"potentialAction":[{"@type":"SearchAction","target":{"@type":"EntryPoint","urlTemplate":"https:\/\/gintrafa.lt\/?s={search_term_string}"},"query-input":"required name=search_term_string"}],"inLanguage":"en-US"},{"@type":"Organization","@id":"https:\/\/gintrafa.lt\/#organization","name":"Gintra football academy","url":"https:\/\/gintrafa.lt\/","logo":{"@type":"ImageObject","inLanguage":"en-US","@id":"https:\/\/gintrafa.lt\/#\/schema\/logo\/image\/","url":"https:\/\/gintrafa.lt\/wp-content\/uploads\/2022\/10\/cropped-GINTRA-FA-logo-150x150-1-e1666990383353.png","contentUrl":"https:\/\/gintrafa.lt\/wp-content\/uploads\/2022\/10\/cropped-GINTRA-FA-logo-150x150-1-e1666990383353.png","width":70,"height":70,"caption":"Gintra football academy"},"image":{"@id":"https:\/\/gintrafa.lt\/#\/schema\/logo\/image\/"}}]}},"_links":{"self":[{"href":"https:\/\/gintrafa.lt\/en\/wp-json\/wp\/v2\/product\/3281"}],"collection":[{"href":"https:\/\/gintrafa.lt\/en\/wp-json\/wp\/v2\/product"}],"about":[{"href":"https:\/\/gintrafa.lt\/en\/wp-json\/wp\/v2\/types\/product"}],"replies":[{"embeddable":true,"href":"https:\/\/gintrafa.lt\/en\/wp-json\/wp\/v2\/comments?post=3281"}],"wp:featuredmedia":[{"embeddable":true,"href":"https:\/\/gintrafa.lt\/en\/wp-json\/wp\/v2\/media\/3282"}],"wp:attachment":[{"href":"https:\/\/gintrafa.lt\/en\/wp-json\/wp\/v2\/media?parent=3281"}],"wp:term":[{"taxonomy":"product_cat","embeddable":true,"href":"https:\/\/gintrafa.lt\/en\/wp-json\/wp\/v2\/product_cat?post=3281"},{"taxonomy":"product_tag","embeddable":true,"href":"https:\/\/gintrafa.lt\/en\/wp-json\/wp\/v2\/product_tag?post=3281"}],"curies":[{"name":"wp","href":"https:\/\/api.w.org\/{rel}","templated":true}]}}